{"id":5313,"date":"2025-11-18T18:19:07","date_gmt":"2025-11-18T10:19:07","guid":{"rendered":"https:\/\/www.yongjianceramic.com\/?post_type=product&#038;p=5313"},"modified":"2025-11-19T10:14:29","modified_gmt":"2025-11-19T02:14:29","slug":"gold-rimmed-dinner-plates-bulk","status":"publish","type":"product","link":"https:\/\/www.yongjianceramic.com\/pt\/produto\/gold-rimmed-dinner-plates-bulk\/","title":{"rendered":"Pratos de jantar com rebordo dourado a granel, prato quadrado de cer\u00e2mica personalizado"},"content":{"rendered":"<div class=\"wp-block-columns is-layout-flex wp-container-core-columns-is-layout-9d6595d7 wp-block-columns-is-layout-flex\">\n<div class=\"wp-block-column is-layout-flow wp-block-column-is-layout-flow\">\n<h2 class=\"wp-block-heading\">Pratos de jantar Premium com rebordo dourado Carater\u00edsticas a granel:<\/h2>\n\n\n\n<ul class=\"wp-block-list\">\n<li><strong>Decora\u00e7\u00e3o luxuosa com rebordo dourado:<\/strong> O prato quadrado de cer\u00e2mica personalizado apresenta um rebordo dourado com um elegante padr\u00e3o de penas, que ilumina instantaneamente o design geral e confere sofistica\u00e7\u00e3o e luxo. Adequado para hot\u00e9is, banquetes e ambientes gastron\u00f3micos de alta qualidade.<\/li>\n\n\n\n<li><strong>Forma quadrada moderna: <\/strong>O design quadrado simples e limpo destes pratos de jantar com rebordo dourado a granel \u00e9 adequado para v\u00e1rias utiliza\u00e7\u00f5es, incluindo servir pratos ocidentais, empratamento de sobremesas e apresenta\u00e7\u00e3o de alimentos.<\/li>\n\n\n\n<li><strong>V\u00e1rios tamanhos:<\/strong> Estes pratos de jantar com rebordo dourado est\u00e3o dispon\u00edveis em tamanhos de 6\/7\/8\/9\/10\/12 polegadas para se adequarem a diferentes ocasi\u00f5es, desde aperitivos e pratos principais a sobremesas e pratos de servir colectivos.<\/li>\n\n\n\n<li><strong>Material cer\u00e2mico de alta temperatura:<\/strong> Estes pratos de jantar com rebordo dourado a granel s\u00e3o feitos de cer\u00e2mica cozida a alta temperatura, resultando numa superf\u00edcie dura e delicada que \u00e9 resistente a riscos, ao calor e a \u00e1cidos e \u00e1lcalis. O esmalte de qualidade alimentar \u00e9 f\u00e1cil de limpar, tornando-o adequado para o servi\u00e7o de restaura\u00e7\u00e3o.<\/li>\n<\/ul>\n<\/div>\n\n\n\n<div class=\"wp-block-column is-vertically-aligned-center is-layout-flow wp-block-column-is-layout-flow\"><div class=\"wp-block-image\">\n<figure class=\"aligncenter size-full\"><img fetchpriority=\"high\" decoding=\"async\" width=\"1080\" height=\"1080\" src=\"https:\/\/www.yongjianceramic.com\/wp-content\/uploads\/2025\/11\/gold-rimmed-dinner-plates-bulk-square-ceramic-dish-custom-2.webp\" alt=\"pratos de jantar dourados-placa quadrada de cer\u00e2mica-personalizada-2\" class=\"wp-image-5315\" srcset=\"https:\/\/www.yongjianceramic.com\/wp-content\/uploads\/2025\/11\/gold-rimmed-dinner-plates-bulk-square-ceramic-dish-custom-2.webp 1080w, https:\/\/www.yongjianceramic.com\/wp-content\/uploads\/2025\/11\/gold-rimmed-dinner-plates-bulk-square-ceramic-dish-custom-2-300x300.webp 300w, https:\/\/www.yongjianceramic.com\/wp-content\/uploads\/2025\/11\/gold-rimmed-dinner-plates-bulk-square-ceramic-dish-custom-2-150x150.webp 150w, https:\/\/www.yongjianceramic.com\/wp-content\/uploads\/2025\/11\/gold-rimmed-dinner-plates-bulk-square-ceramic-dish-custom-2-768x768.webp 768w, https:\/\/www.yongjianceramic.com\/wp-content\/uploads\/2025\/11\/gold-rimmed-dinner-plates-bulk-square-ceramic-dish-custom-2-12x12.webp 12w, https:\/\/www.yongjianceramic.com\/wp-content\/uploads\/2025\/11\/gold-rimmed-dinner-plates-bulk-square-ceramic-dish-custom-2-285x285.webp 285w, https:\/\/www.yongjianceramic.com\/wp-content\/uploads\/2025\/11\/gold-rimmed-dinner-plates-bulk-square-ceramic-dish-custom-2-270x270.webp 270w, https:\/\/www.yongjianceramic.com\/wp-content\/uploads\/2025\/11\/gold-rimmed-dinner-plates-bulk-square-ceramic-dish-custom-2-540x540.webp 540w, https:\/\/www.yongjianceramic.com\/wp-content\/uploads\/2025\/11\/gold-rimmed-dinner-plates-bulk-square-ceramic-dish-custom-2-660x660.webp 660w\" sizes=\"(max-width: 1080px) 100vw, 1080px\" \/><\/figure>\n<\/div><\/div>\n<\/div>\n\n\n\n<figure class=\"wp-block-table\"><table class=\"has-fixed-layout\"><tbody><tr><td>Modelo n.<\/td><td>YJ-195<\/td><td>YJ-196<\/td><td>YJ-197<\/td><td>YJ-198<\/td><td>YJ-199<\/td><td>YJ-200<\/td><\/tr><tr><td>tamanho<\/td><td>6 polegadas<\/td><td>7 polegadas<\/td><td>8 polegadas<\/td><td>9 polegadas<\/td><td>10 polegadas<\/td><td>12 polegadas<\/td><\/tr><tr><td>Dimens\u00e3o<\/td><td>15*15cm<\/td><td>18*18cm<\/td><td>20*20cm<\/td><td>23*23cm<\/td><td>25,5*25,5cm<\/td><td>31*31cm<\/td><\/tr><tr><td>T\u00e9cnica<\/td><td colspan=\"6\">T\u00e9cnica de decora\u00e7\u00e3o com vidrado, t\u00e9cnica de douramento em cer\u00e2mica<\/td><\/tr><\/tbody><\/table><\/figure>","protected":false},"excerpt":{"rendered":"<p>Bem-vindo ao comprar os nossos pratos de jantar com rebordo dourado, que combinam a eleg\u00e2ncia moderna com porcelana duradoura de alta temperatura. Os pratos s\u00e3o oferecidos em tamanhos que variam de 6 a 12 polegadas para versatilidade na apresenta\u00e7\u00e3o de alimentos. O prato quadrado de cer\u00e2mica personalizado \u00e9 ideal para hot\u00e9is, buffets, banquetes de casamento, pratos principais de restaurantes e conjuntos de utens\u00edlios de mesa dom\u00e9sticos de luxo.<\/p>\n<table border=\"0\" width=\"309\" cellspacing=\"0\" cellpadding=\"0\">\n<tbody>\n<tr>\n<td width=\"120\" height=\"17\">Fabricante<\/td>\n<td width=\"189\">Yongjian<\/td>\n<\/tr>\n<tr>\n<td height=\"18\">Modelo n.<\/td>\n<td width=\"189\">YJ-195~YJ-200<\/td>\n<\/tr>\n<tr>\n<td height=\"17\">Tipo de produto<\/td>\n<td>Prato de jantar, travessa de servir<\/td>\n<\/tr>\n<tr>\n<td height=\"17\">Material<\/td>\n<td>Porcelana<\/td>\n<\/tr>\n<tr>\n<td height=\"17\">Cor<\/td>\n<td>Como imagem<\/td>\n<\/tr>\n<tr>\n<td height=\"17\">Dimens\u00e3o<\/td>\n<td>Como imagem<\/td>\n<\/tr>\n<tr>\n<td height=\"17\">MOQ<\/td>\n<td>500 unidades<\/td>\n<\/tr>\n<tr>\n<td height=\"17\">Personalizado<\/td>\n<td>Cor\/tamanho\/log\u00f3tipo\/embalagem<\/td>\n<\/tr>\n<\/tbody>\n<\/table>","protected":false},"featured_media":5314,"comment_status":"closed","ping_status":"closed","template":"","meta":{"_acf_changed":false},"product_brand":[],"product_cat":[62,93,76],"product_tag":[81],"class_list":{"0":"post-5313","1":"product","2":"type-product","3":"status-publish","4":"has-post-thumbnail","6":"product_cat-ceramic-plates-wholesale","7":"product_cat-bulk-dinner-plates","8":"product_cat-wholesale-serving-platters","9":"product_tag-modern-design-dinnerware-set-wholesale","11":"first","12":"instock","13":"shipping-taxable","14":"product-type-simple"},"acf":[],"_links":{"self":[{"href":"https:\/\/www.yongjianceramic.com\/pt\/wp-json\/wp\/v2\/product\/5313","targetHints":{"allow":["GET"]}}],"collection":[{"href":"https:\/\/www.yongjianceramic.com\/pt\/wp-json\/wp\/v2\/product"}],"about":[{"href":"https:\/\/www.yongjianceramic.com\/pt\/wp-json\/wp\/v2\/types\/product"}],"replies":[{"embeddable":true,"href":"https:\/\/www.yongjianceramic.com\/pt\/wp-json\/wp\/v2\/comments?post=5313"}],"wp:featuredmedia":[{"embeddable":true,"href":"https:\/\/www.yongjianceramic.com\/pt\/wp-json\/wp\/v2\/media\/5314"}],"wp:attachment":[{"href":"https:\/\/www.yongjianceramic.com\/pt\/wp-json\/wp\/v2\/media?parent=5313"}],"wp:term":[{"taxonomy":"product_brand","embeddable":true,"href":"https:\/\/www.yongjianceramic.com\/pt\/wp-json\/wp\/v2\/product_brand?post=5313"},{"taxonomy":"product_cat","embeddable":true,"href":"https:\/\/www.yongjianceramic.com\/pt\/wp-json\/wp\/v2\/product_cat?post=5313"},{"taxonomy":"product_tag","embeddable":true,"href":"https:\/\/www.yongjianceramic.com\/pt\/wp-json\/wp\/v2\/product_tag?post=5313"}],"curies":[{"name":"wp","href":"https:\/\/api.w.org\/{rel}","templated":true}]}}