{"id":5339,"date":"2025-12-04T15:44:58","date_gmt":"2025-12-04T07:44:58","guid":{"rendered":"https:\/\/www.yongjianceramic.com\/?post_type=product&#038;p=5339"},"modified":"2025-12-04T16:50:21","modified_gmt":"2025-12-04T08:50:21","slug":"ceramic-serving-platter-wholesale","status":"publish","type":"product","link":"https:\/\/www.yongjianceramic.com\/pt\/produto\/ceramic-serving-platter-wholesale\/","title":{"rendered":"Prato de servir cer\u00e2mico de 3 n\u00edveis por grosso com rebordo em forma de borboleta"},"content":{"rendered":"<div class=\"wp-block-columns is-layout-flex wp-container-core-columns-is-layout-9d6595d7 wp-block-columns-is-layout-flex\">\n<div class=\"wp-block-column is-layout-flow wp-block-column-is-layout-flow\">\n<h2 class=\"wp-block-heading\">Prato de servir cer\u00e2mico premium de 3 camadas para venda por grosso Caracter\u00edsticas:<\/h2>\n\n\n\n<ul class=\"wp-block-list\">\n<li><strong>Design elegante com borda dourada em forma de borboleta:<\/strong> A nossa bandeja de cer\u00e2mica de 3 n\u00edveis para venda por grosso \u00e9 decorada com uma excelente borda dourada em forma de borboleta, representando detalhes luxuosos e um estilo europeu sofisticado. A borda dourada contrasta requintadamente com a porcelana branca para real\u00e7ar a sensa\u00e7\u00e3o de luxo.<\/li>\n\n\n\n<li><strong>Material cer\u00e2mico premium:<\/strong> Estes pratos retangulares personalizados s\u00e3o feitos de material cer\u00e2mico da mais alta qualidade, com uma superf\u00edcie espessa e dur\u00e1vel que n\u00e3o se parte facilmente. A superf\u00edcie \u00e9 t\u00e3o lisa e delicada que a limpeza n\u00e3o \u00e9 um grande problema, e este prato pode ser usado para apresentar sobremesas, frutas, bolos e muitos outros alimentos.<\/li>\n\n\n\n<li><strong>Design multicamadas: <\/strong>A estrutura de tr\u00eas camadas destas travessas retangulares de cer\u00e2mica para venda por grosso est\u00e1 dispon\u00edvel em di\u00e2metros de 15 cm, 20 cm e 25 cm, permitindo assim expor v\u00e1rias sobremesas categorizadas, o que as torna f\u00e1ceis de aceder e agrad\u00e1veis \u00e0 vista.<\/li>\n\n\n\n<li><strong>Haste de suporte met\u00e1lica resistente: <\/strong>A nossa bandeja de cer\u00e2mica de 3 n\u00edveis para venda por grosso tem uma haste de suporte met\u00e1lica banhada a ouro para proporcionar uma estrutura muito est\u00e1vel que suporta o peso e mant\u00e9m a estabilidade da apresenta\u00e7\u00e3o. Uma pega curva dourada na parte superior proporciona uma pegada segura que facilita o movimento geral ou o acesso \u00e0s camadas, com o objetivo de manter as coisas pr\u00e1ticas e seguras ao mesmo tempo.<\/li>\n<\/ul>\n<\/div>\n\n\n\n<div class=\"wp-block-column is-vertically-aligned-center is-layout-flow wp-block-column-is-layout-flow\"><div class=\"wp-block-image\">\n<figure class=\"aligncenter size-full\"><img fetchpriority=\"high\" decoding=\"async\" width=\"800\" height=\"800\" src=\"https:\/\/www.yongjianceramic.com\/wp-content\/uploads\/2025\/12\/3-tier-ceramic-serving-platter-wholesale-with-butterfly-rim-1.webp\" alt=\"Prato de servir cer\u00e2mico de 3 camadas por grosso com rebordo em forma de borboleta 1\" class=\"wp-image-5340\" srcset=\"https:\/\/www.yongjianceramic.com\/wp-content\/uploads\/2025\/12\/3-tier-ceramic-serving-platter-wholesale-with-butterfly-rim-1.webp 800w, https:\/\/www.yongjianceramic.com\/wp-content\/uploads\/2025\/12\/3-tier-ceramic-serving-platter-wholesale-with-butterfly-rim-1-300x300.webp 300w, https:\/\/www.yongjianceramic.com\/wp-content\/uploads\/2025\/12\/3-tier-ceramic-serving-platter-wholesale-with-butterfly-rim-1-150x150.webp 150w, https:\/\/www.yongjianceramic.com\/wp-content\/uploads\/2025\/12\/3-tier-ceramic-serving-platter-wholesale-with-butterfly-rim-1-768x768.webp 768w, https:\/\/www.yongjianceramic.com\/wp-content\/uploads\/2025\/12\/3-tier-ceramic-serving-platter-wholesale-with-butterfly-rim-1-12x12.webp 12w, https:\/\/www.yongjianceramic.com\/wp-content\/uploads\/2025\/12\/3-tier-ceramic-serving-platter-wholesale-with-butterfly-rim-1-285x285.webp 285w, https:\/\/www.yongjianceramic.com\/wp-content\/uploads\/2025\/12\/3-tier-ceramic-serving-platter-wholesale-with-butterfly-rim-1-270x270.webp 270w, https:\/\/www.yongjianceramic.com\/wp-content\/uploads\/2025\/12\/3-tier-ceramic-serving-platter-wholesale-with-butterfly-rim-1-540x540.webp 540w, https:\/\/www.yongjianceramic.com\/wp-content\/uploads\/2025\/12\/3-tier-ceramic-serving-platter-wholesale-with-butterfly-rim-1-660x660.webp 660w\" sizes=\"(max-width: 800px) 100vw, 800px\" \/><\/figure>\n<\/div><\/div>\n<\/div>","protected":false},"excerpt":{"rendered":"<p>Bem-vindo \u00e0 compra por grosso deste prato de servir cer\u00e2mico de 3 camadas com a luxuosa borda dourada em forma de borboleta e uma haste de suporte met\u00e1lica, uma solu\u00e7\u00e3o elegante para servir sobremesas, cupcakes, frutas e pastelaria. Com tr\u00eas pratos retangulares, o suporte de servir de tr\u00eas camadas tem uma altura total de 38 cm e tem muito espa\u00e7o para as suas melhores iguarias \u2013 ideal para uso em hot\u00e9is, padarias, caf\u00e9s e eventos festivos. \u00c9 a op\u00e7\u00e3o perfeita para compra a granel e expositores de cer\u00e2mica premium.<\/p>\n<table border=\"0\" width=\"309\" cellspacing=\"0\" cellpadding=\"0\">\n<tbody>\n<tr>\n<td width=\"120\" height=\"17\">Fabricante<\/td>\n<td width=\"189\">Yongjian<\/td>\n<\/tr>\n<tr>\n<td height=\"18\">Modelo n.<\/td>\n<td width=\"189\">YJ-201<\/td>\n<\/tr>\n<tr>\n<td height=\"17\">Tipo de produto<\/td>\n<td>Prato de servir<\/td>\n<\/tr>\n<tr>\n<td height=\"17\">Material<\/td>\n<td>Porcelana<\/td>\n<\/tr>\n<tr>\n<td height=\"17\">Cor<\/td>\n<td>Como imagem<\/td>\n<\/tr>\n<tr>\n<td height=\"17\">Dimens\u00e3o<\/td>\n<td>Como imagem<\/td>\n<\/tr>\n<tr>\n<td height=\"17\">MOQ<\/td>\n<td>500 unidades<\/td>\n<\/tr>\n<tr>\n<td height=\"17\">Personalizado<\/td>\n<td>Cor\/tamanho\/log\u00f3tipo\/embalagem<\/td>\n<\/tr>\n<\/tbody>\n<\/table>","protected":false},"featured_media":5340,"comment_status":"closed","ping_status":"closed","template":"","meta":{"_acf_changed":false},"product_brand":[],"product_cat":[62,76],"product_tag":[84],"class_list":{"0":"post-5339","1":"product","2":"type-product","3":"status-publish","4":"has-post-thumbnail","6":"product_cat-ceramic-plates-wholesale","7":"product_cat-wholesale-serving-platters","8":"product_tag-retro-design-dinnerware-wholesale","10":"first","11":"instock","12":"shipping-taxable","13":"product-type-simple"},"acf":[],"_links":{"self":[{"href":"https:\/\/www.yongjianceramic.com\/pt\/wp-json\/wp\/v2\/product\/5339","targetHints":{"allow":["GET"]}}],"collection":[{"href":"https:\/\/www.yongjianceramic.com\/pt\/wp-json\/wp\/v2\/product"}],"about":[{"href":"https:\/\/www.yongjianceramic.com\/pt\/wp-json\/wp\/v2\/types\/product"}],"replies":[{"embeddable":true,"href":"https:\/\/www.yongjianceramic.com\/pt\/wp-json\/wp\/v2\/comments?post=5339"}],"wp:featuredmedia":[{"embeddable":true,"href":"https:\/\/www.yongjianceramic.com\/pt\/wp-json\/wp\/v2\/media\/5340"}],"wp:attachment":[{"href":"https:\/\/www.yongjianceramic.com\/pt\/wp-json\/wp\/v2\/media?parent=5339"}],"wp:term":[{"taxonomy":"product_brand","embeddable":true,"href":"https:\/\/www.yongjianceramic.com\/pt\/wp-json\/wp\/v2\/product_brand?post=5339"},{"taxonomy":"product_cat","embeddable":true,"href":"https:\/\/www.yongjianceramic.com\/pt\/wp-json\/wp\/v2\/product_cat?post=5339"},{"taxonomy":"product_tag","embeddable":true,"href":"https:\/\/www.yongjianceramic.com\/pt\/wp-json\/wp\/v2\/product_tag?post=5339"}],"curies":[{"name":"wp","href":"https:\/\/api.w.org\/{rel}","templated":true}]}}