{"id":5341,"date":"2025-12-04T16:19:02","date_gmt":"2025-12-04T08:19:02","guid":{"rendered":"https:\/\/www.yongjianceramic.com\/?post_type=product&#038;p=5341"},"modified":"2025-12-04T16:58:35","modified_gmt":"2025-12-04T08:58:35","slug":"ceramic-serving-tray-custom","status":"publish","type":"product","link":"https:\/\/www.yongjianceramic.com\/pt\/produto\/ceramic-serving-tray-custom\/","title":{"rendered":"Bandeja de cer\u00e2mica de 2 n\u00edveis personalizada, suporte para sobremesas por grosso"},"content":{"rendered":"<div class=\"wp-block-columns is-layout-flex wp-container-core-columns-is-layout-9d6595d7 wp-block-columns-is-layout-flex\">\n<div class=\"wp-block-column is-layout-flow wp-block-column-is-layout-flow\">\n<h2 class=\"wp-block-heading\">Bandeja de cer\u00e2mica premium de 2 n\u00edveis Caracter\u00edsticas personalizadas:<\/h2>\n\n\n\n<ul class=\"wp-block-list\">\n<li><strong>Artesanato e materiais de qualidade superior:<\/strong> Esta bandeja de cer\u00e2mica de 2 n\u00edveis personalizada \u00e9 fabricada com cer\u00e2mica de qualidade; a superf\u00edcie lisa e delicada \u00e9 resistente ao desgaste e f\u00e1cil de limpar. \u00c9 adornada com um delicado acabamento dourado com detalhes em relevo de borboletas, conferindo-lhe um aspecto especial, refinado e elegante, mantendo o seu brilho para sempre.<\/li>\n\n\n\n<li><strong>Design pr\u00e1tico de dois n\u00edveis:<\/strong> Este suporte para sobremesas em cer\u00e2mica para venda por grosso apresenta uma estrutura de 2 n\u00edveis, proporcionando um amplo espa\u00e7o de exposi\u00e7\u00e3o para v\u00e1rias sobremesas, bolos, snacks, frutas, etc. O n\u00edvel superior tem um di\u00e2metro de 21 cm e o n\u00edvel inferior tem um di\u00e2metro de 26 cm, criando um design em camadas distinto, adequado para exposi\u00e7\u00f5es comerciais ou reuni\u00f5es familiares.<\/li>\n\n\n\n<li><strong>Pega dourada pr\u00e1tica:<\/strong> Este suporte para sobremesas em cer\u00e2mica para venda por grosso apresenta uma pega curva em metal dourado na parte superior, facilitando o manuseamento e o transporte, al\u00e9m de servir como um belo elemento decorativo.<\/li>\n\n\n\n<li><strong>Posicionamento no mercado de alta gama: <\/strong>Esta bandeja de cer\u00e2mica de 2 n\u00edveis personalizada apresenta um design retro europeu cl\u00e1ssico. A cer\u00e2mica branca pura com acabamentos luxuosos em ouro e detalhes em relevo oferece uma qualidade excecional, correspondendo perfeitamente aos requisitos de qualidade de hot\u00e9is de luxo, caf\u00e9s boutique, padarias e eventos de banquetes.<\/li>\n\n\n\n<li><strong>Fornecimento e embalagem convenientes:<\/strong> Oferecemos pre\u00e7os competitivos por grosso. Os produtos s\u00e3o embalados com pl\u00e1stico-bolha individual e caixas refor\u00e7adas para garantir um transporte seguro e apoiar envios a granel para todo o mundo.<\/li>\n<\/ul>\n<\/div>\n\n\n\n<div class=\"wp-block-column is-vertically-aligned-center is-layout-flow wp-block-column-is-layout-flow\"><div class=\"wp-block-image\">\n<figure class=\"aligncenter size-full\"><img fetchpriority=\"high\" decoding=\"async\" width=\"800\" height=\"800\" src=\"https:\/\/www.yongjianceramic.com\/wp-content\/uploads\/2025\/12\/2-tier-ceramic-serving-tray-custom-dessert-stand-wholesale-1.webp\" alt=\"Bandeja de cer\u00e2mica de 2 n\u00edveis para servir sobremesas personalizadas - venda por grosso - 1\" class=\"wp-image-5342\" srcset=\"https:\/\/www.yongjianceramic.com\/wp-content\/uploads\/2025\/12\/2-tier-ceramic-serving-tray-custom-dessert-stand-wholesale-1.webp 800w, https:\/\/www.yongjianceramic.com\/wp-content\/uploads\/2025\/12\/2-tier-ceramic-serving-tray-custom-dessert-stand-wholesale-1-300x300.webp 300w, https:\/\/www.yongjianceramic.com\/wp-content\/uploads\/2025\/12\/2-tier-ceramic-serving-tray-custom-dessert-stand-wholesale-1-150x150.webp 150w, https:\/\/www.yongjianceramic.com\/wp-content\/uploads\/2025\/12\/2-tier-ceramic-serving-tray-custom-dessert-stand-wholesale-1-768x768.webp 768w, https:\/\/www.yongjianceramic.com\/wp-content\/uploads\/2025\/12\/2-tier-ceramic-serving-tray-custom-dessert-stand-wholesale-1-12x12.webp 12w, https:\/\/www.yongjianceramic.com\/wp-content\/uploads\/2025\/12\/2-tier-ceramic-serving-tray-custom-dessert-stand-wholesale-1-285x285.webp 285w, https:\/\/www.yongjianceramic.com\/wp-content\/uploads\/2025\/12\/2-tier-ceramic-serving-tray-custom-dessert-stand-wholesale-1-270x270.webp 270w, https:\/\/www.yongjianceramic.com\/wp-content\/uploads\/2025\/12\/2-tier-ceramic-serving-tray-custom-dessert-stand-wholesale-1-540x540.webp 540w, https:\/\/www.yongjianceramic.com\/wp-content\/uploads\/2025\/12\/2-tier-ceramic-serving-tray-custom-dessert-stand-wholesale-1-660x660.webp 660w\" sizes=\"(max-width: 800px) 100vw, 800px\" \/><\/figure>\n<\/div><\/div>\n<\/div>","protected":false},"excerpt":{"rendered":"<p>Bem-vindo a adquirir esta bandeja de cer\u00e2mica de 2 n\u00edveis personalizada, concebida para ambientes comerciais de alta qualidade. A porcelana branca com acabamento dourado em forma de borboleta apresenta um design elegante e sofisticado. O suporte met\u00e1lico resistente e dur\u00e1vel e a estrutura de camada dupla permitem expor facilmente bolos, sobremesas e frutas, tornando-a ideal para o ch\u00e1 da tarde, festas ou exposi\u00e7\u00f5es de catering em hot\u00e9is. Al\u00e9m disso, oferecemos personaliza\u00e7\u00e3o, tornando-a ideal para mesas de sobremesas e lou\u00e7as por grosso.<\/p>\n<table border=\"0\" width=\"309\" cellspacing=\"0\" cellpadding=\"0\">\n<tbody>\n<tr>\n<td width=\"120\" height=\"17\">Fabricante<\/td>\n<td width=\"189\">Yongjian<\/td>\n<\/tr>\n<tr>\n<td height=\"18\">Modelo n.<\/td>\n<td width=\"189\">YJ-203<\/td>\n<\/tr>\n<tr>\n<td height=\"17\">Tipo de produto<\/td>\n<td>Prato de servir<\/td>\n<\/tr>\n<tr>\n<td height=\"17\">Material<\/td>\n<td>Porcelana<\/td>\n<\/tr>\n<tr>\n<td height=\"17\">Cor<\/td>\n<td>Como imagem<\/td>\n<\/tr>\n<tr>\n<td height=\"17\">Dimens\u00e3o<\/td>\n<td>Como imagem<\/td>\n<\/tr>\n<tr>\n<td height=\"17\">MOQ<\/td>\n<td>500 unidades<\/td>\n<\/tr>\n<tr>\n<td height=\"17\">Personalizado<\/td>\n<td>Cor\/tamanho\/log\u00f3tipo\/embalagem<\/td>\n<\/tr>\n<\/tbody>\n<\/table>","protected":false},"featured_media":5342,"comment_status":"closed","ping_status":"closed","template":"","meta":{"_acf_changed":false},"product_brand":[],"product_cat":[62,76],"product_tag":[84],"class_list":{"0":"post-5341","1":"product","2":"type-product","3":"status-publish","4":"has-post-thumbnail","6":"product_cat-ceramic-plates-wholesale","7":"product_cat-wholesale-serving-platters","8":"product_tag-retro-design-dinnerware-wholesale","10":"first","11":"instock","12":"shipping-taxable","13":"product-type-simple"},"acf":[],"_links":{"self":[{"href":"https:\/\/www.yongjianceramic.com\/pt\/wp-json\/wp\/v2\/product\/5341","targetHints":{"allow":["GET"]}}],"collection":[{"href":"https:\/\/www.yongjianceramic.com\/pt\/wp-json\/wp\/v2\/product"}],"about":[{"href":"https:\/\/www.yongjianceramic.com\/pt\/wp-json\/wp\/v2\/types\/product"}],"replies":[{"embeddable":true,"href":"https:\/\/www.yongjianceramic.com\/pt\/wp-json\/wp\/v2\/comments?post=5341"}],"wp:featuredmedia":[{"embeddable":true,"href":"https:\/\/www.yongjianceramic.com\/pt\/wp-json\/wp\/v2\/media\/5342"}],"wp:attachment":[{"href":"https:\/\/www.yongjianceramic.com\/pt\/wp-json\/wp\/v2\/media?parent=5341"}],"wp:term":[{"taxonomy":"product_brand","embeddable":true,"href":"https:\/\/www.yongjianceramic.com\/pt\/wp-json\/wp\/v2\/product_brand?post=5341"},{"taxonomy":"product_cat","embeddable":true,"href":"https:\/\/www.yongjianceramic.com\/pt\/wp-json\/wp\/v2\/product_cat?post=5341"},{"taxonomy":"product_tag","embeddable":true,"href":"https:\/\/www.yongjianceramic.com\/pt\/wp-json\/wp\/v2\/product_tag?post=5341"}],"curies":[{"name":"wp","href":"https:\/\/api.w.org\/{rel}","templated":true}]}}