{"id":5343,"date":"2025-12-04T16:59:03","date_gmt":"2025-12-04T08:59:03","guid":{"rendered":"https:\/\/www.yongjianceramic.com\/?post_type=product&#038;p=5343"},"modified":"2025-12-04T18:01:42","modified_gmt":"2025-12-04T10:01:42","slug":"wholesale-round-ceramic-plate","status":"publish","type":"product","link":"https:\/\/www.yongjianceramic.com\/pt\/produto\/wholesale-round-ceramic-plate\/","title":{"rendered":"Suporte redondo de cer\u00e2mica de tr\u00eas camadas para festas, para venda por grosso"},"content":{"rendered":"<div class=\"wp-block-columns is-layout-flex wp-container-core-columns-is-layout-9d6595d7 wp-block-columns-is-layout-flex\">\n<div class=\"wp-block-column is-layout-flow wp-block-column-is-layout-flow\">\n<h2 class=\"wp-block-heading\">Suporte redondo para pratos de cer\u00e2mica premium para revenda Caracter\u00edsticas:<\/h2>\n\n\n\n<ul class=\"wp-block-list\">\n<li><strong>Estrutura clara de tr\u00eas camadas:<\/strong> Estes pratos redondos de cer\u00e2mica de tr\u00eas camadas para venda por grosso apresentam camadas claramente definidas (26 cm\/21 cm\/15 cm), oferecendo uma capacidade razo\u00e1vel para categorizar e expor v\u00e1rias sobremesas, maximizando o efeito de exposi\u00e7\u00e3o e poupando espa\u00e7o na mesa.<\/li>\n\n\n\n<li><strong>F\u00e1cil de limpar: <\/strong>Estes pratos redondos de cer\u00e2mica para venda por grosso s\u00e3o fabricados com uma estrutura cer\u00e2mica de alta densidade, o que permite que a superf\u00edcie tenha uma boa resist\u00eancia contra manchas de alimentos. At\u00e9 mesmo natas e chocolate podem ser facilmente limpos. A superf\u00edcie do prato pode ser enxaguada diretamente com \u00e1gua ou lavada \u00e0 m\u00e3o com cuidado, tornando a manuten\u00e7\u00e3o conveniente.<\/li>\n\n\n\n<li><strong>Qualidade e design de n\u00edvel comercial:<\/strong> Estes suportes para sobremesas em cer\u00e2mica destinam-se a ambientes comerciais, como festas, hot\u00e9is e padarias de luxo. Com o seu estilo europeu luxuoso, aumentam substancialmente a atratividade das mesas de sobremesas e banquetes, estimulando o desejo dos consumidores.<\/li>\n\n\n\n<li><strong>Qualidade e design de n\u00edvel alimentar e comercial: <\/strong>Estas bases para sobremesas em cer\u00e2mica foram concebidas para ambientes comerciais, como festas, hot\u00e9is e pastelarias de luxo. O estilo europeu sofisticado real\u00e7a significativamente o efeito visual das mesas de sobremesas e banquetes, estimulando o desejo dos clientes.<\/li>\n\n\n\n<li><strong>Fornecimento e embalagem convenientes:<\/strong> Oferecemos pre\u00e7os competitivos por grosso. Os produtos s\u00e3o embalados com pl\u00e1stico-bolha individual e caixas refor\u00e7adas para garantir um transporte seguro e apoiar envios a granel para todo o mundo.<\/li>\n<\/ul>\n<\/div>\n\n\n\n<div class=\"wp-block-column is-vertically-aligned-center is-layout-flow wp-block-column-is-layout-flow\"><div class=\"wp-block-image\">\n<figure class=\"aligncenter size-full\"><img fetchpriority=\"high\" decoding=\"async\" width=\"800\" height=\"800\" src=\"https:\/\/www.yongjianceramic.com\/wp-content\/uploads\/2025\/12\/three-layer-wholesale-round-ceramic-plate-stand-for-parties-1.webp\" alt=\"suporte-de-pratos-cer\u00e2micos-redondo-de-tr\u00eas-camadas-para-festas-1\" class=\"wp-image-5345\" srcset=\"https:\/\/www.yongjianceramic.com\/wp-content\/uploads\/2025\/12\/three-layer-wholesale-round-ceramic-plate-stand-for-parties-1.webp 800w, https:\/\/www.yongjianceramic.com\/wp-content\/uploads\/2025\/12\/three-layer-wholesale-round-ceramic-plate-stand-for-parties-1-300x300.webp 300w, https:\/\/www.yongjianceramic.com\/wp-content\/uploads\/2025\/12\/three-layer-wholesale-round-ceramic-plate-stand-for-parties-1-150x150.webp 150w, https:\/\/www.yongjianceramic.com\/wp-content\/uploads\/2025\/12\/three-layer-wholesale-round-ceramic-plate-stand-for-parties-1-768x768.webp 768w, https:\/\/www.yongjianceramic.com\/wp-content\/uploads\/2025\/12\/three-layer-wholesale-round-ceramic-plate-stand-for-parties-1-12x12.webp 12w, https:\/\/www.yongjianceramic.com\/wp-content\/uploads\/2025\/12\/three-layer-wholesale-round-ceramic-plate-stand-for-parties-1-285x285.webp 285w, https:\/\/www.yongjianceramic.com\/wp-content\/uploads\/2025\/12\/three-layer-wholesale-round-ceramic-plate-stand-for-parties-1-270x270.webp 270w, https:\/\/www.yongjianceramic.com\/wp-content\/uploads\/2025\/12\/three-layer-wholesale-round-ceramic-plate-stand-for-parties-1-540x540.webp 540w, https:\/\/www.yongjianceramic.com\/wp-content\/uploads\/2025\/12\/three-layer-wholesale-round-ceramic-plate-stand-for-parties-1-660x660.webp 660w\" sizes=\"(max-width: 800px) 100vw, 800px\" \/><\/figure>\n<\/div><\/div>\n<\/div>","protected":false},"excerpt":{"rendered":"<p>Bem-vindo \u00e0 compra deste suporte redondo de cer\u00e2mica de tr\u00eas camadas para venda por grosso. Feito de porcelana de alta qualidade com um design exclusivo de borda dourada em forma de borboleta, a sua apar\u00eancia elegante e refinada \u00e9 perfeita para expor bolos, sobremesas e frutas. A estrutura met\u00e1lica resistente do suporte garante uma exposi\u00e7\u00e3o segura e fi\u00e1vel. Seja para festas de casamento, mesas de sobremesas ou ch\u00e1 da tarde em hot\u00e9is, ele real\u00e7a sem esfor\u00e7o a sofistica\u00e7\u00e3o geral da decora\u00e7\u00e3o, tornando-o a escolha ideal para venda por grosso, catering e decora\u00e7\u00e3o de eventos.<\/p>\n<table border=\"0\" width=\"309\" cellspacing=\"0\" cellpadding=\"0\">\n<tbody>\n<tr>\n<td width=\"120\" height=\"17\">Fabricante<\/td>\n<td width=\"189\">Yongjian<\/td>\n<\/tr>\n<tr>\n<td height=\"18\">Modelo n.<\/td>\n<td width=\"189\">YJ-202<\/td>\n<\/tr>\n<tr>\n<td height=\"17\">Tipo de produto<\/td>\n<td>Prato de servir<\/td>\n<\/tr>\n<tr>\n<td height=\"17\">Material<\/td>\n<td>Porcelana<\/td>\n<\/tr>\n<tr>\n<td height=\"17\">Cor<\/td>\n<td>Como imagem<\/td>\n<\/tr>\n<tr>\n<td height=\"17\">Dimens\u00e3o<\/td>\n<td>Como imagem<\/td>\n<\/tr>\n<tr>\n<td height=\"17\">MOQ<\/td>\n<td>500 unidades<\/td>\n<\/tr>\n<tr>\n<td height=\"17\">Personalizado<\/td>\n<td>Cor\/tamanho\/log\u00f3tipo\/embalagem<\/td>\n<\/tr>\n<\/tbody>\n<\/table>","protected":false},"featured_media":5345,"comment_status":"closed","ping_status":"closed","template":"","meta":{"_acf_changed":false},"product_brand":[],"product_cat":[62,76],"product_tag":[84],"class_list":{"0":"post-5343","1":"product","2":"type-product","3":"status-publish","4":"has-post-thumbnail","6":"product_cat-ceramic-plates-wholesale","7":"product_cat-wholesale-serving-platters","8":"product_tag-retro-design-dinnerware-wholesale","10":"first","11":"instock","12":"shipping-taxable","13":"product-type-simple"},"acf":[],"_links":{"self":[{"href":"https:\/\/www.yongjianceramic.com\/pt\/wp-json\/wp\/v2\/product\/5343","targetHints":{"allow":["GET"]}}],"collection":[{"href":"https:\/\/www.yongjianceramic.com\/pt\/wp-json\/wp\/v2\/product"}],"about":[{"href":"https:\/\/www.yongjianceramic.com\/pt\/wp-json\/wp\/v2\/types\/product"}],"replies":[{"embeddable":true,"href":"https:\/\/www.yongjianceramic.com\/pt\/wp-json\/wp\/v2\/comments?post=5343"}],"wp:featuredmedia":[{"embeddable":true,"href":"https:\/\/www.yongjianceramic.com\/pt\/wp-json\/wp\/v2\/media\/5345"}],"wp:attachment":[{"href":"https:\/\/www.yongjianceramic.com\/pt\/wp-json\/wp\/v2\/media?parent=5343"}],"wp:term":[{"taxonomy":"product_brand","embeddable":true,"href":"https:\/\/www.yongjianceramic.com\/pt\/wp-json\/wp\/v2\/product_brand?post=5343"},{"taxonomy":"product_cat","embeddable":true,"href":"https:\/\/www.yongjianceramic.com\/pt\/wp-json\/wp\/v2\/product_cat?post=5343"},{"taxonomy":"product_tag","embeddable":true,"href":"https:\/\/www.yongjianceramic.com\/pt\/wp-json\/wp\/v2\/product_tag?post=5343"}],"curies":[{"name":"wp","href":"https:\/\/api.w.org\/{rel}","templated":true}]}}