{"id":5344,"date":"2025-12-04T17:49:50","date_gmt":"2025-12-04T09:49:50","guid":{"rendered":"https:\/\/www.yongjianceramic.com\/?post_type=product&#038;p=5344"},"modified":"2025-12-04T23:54:12","modified_gmt":"2025-12-04T15:54:12","slug":"ceramic-tableware-wholesale","status":"publish","type":"product","link":"https:\/\/www.yongjianceramic.com\/pt\/produto\/ceramic-tableware-wholesale\/","title":{"rendered":"Venda por grosso de lou\u00e7a de cer\u00e2mica rural, fornecimento de conjuntos de lou\u00e7a de jantar"},"content":{"rendered":"<div class=\"wp-block-columns is-layout-flex wp-container-core-columns-is-layout-9d6595d7 wp-block-columns-is-layout-flex\">\n<div class=\"wp-block-column is-layout-flow wp-block-column-is-layout-flow\">\n<h2 class=\"wp-block-heading\">Caracter\u00edsticas dos artigos de cer\u00e2mica rurais premium para mesa vendidos por grosso:<\/h2>\n\n\n\n<ul class=\"wp-block-list\">\n<li><strong>Design fresco e unificado: <\/strong>Esta lou\u00e7a de cer\u00e2mica rural para venda por grosso apresenta um estilo fresco e pastoral, com uma base branca cremosa e um delicado padr\u00e3o de flores amarelas e folhagem verde. Todos os artigos partilham uma linguagem de design unificada, criando uma harmonia visual que eleva facilmente o aspeto da sua mesa de jantar.<\/li>\n\n\n\n<li><strong>Cer\u00e2mica artesanal de alta qualidade:<\/strong> O nosso conjunto de lou\u00e7a personalizado \u00e9 feito de material cer\u00e2mico dur\u00e1vel com excelente dureza e resist\u00eancia ao desgaste. O esmalte liso \u00e9 facilmente lav\u00e1vel, resistente ao desbotamento e n\u00e3o mancha.<\/li>\n\n\n\n<li><strong>V\u00e1rias formas e tamanhos:<\/strong> Estes artigos de cer\u00e2mica r\u00fastica para mesa, vendidos por grosso, incluem uma variedade de formatos, desde pratos de 10 cm a tigelas de 24 cm, tais como tigelas de sopa, tigelas de arroz, pratos fundos e tigelas com duas al\u00e7as. A gama completa de tamanhos satisfaz v\u00e1rias necessidades para as refei\u00e7\u00f5es di\u00e1rias em fam\u00edlia, sopas e pratos principais.<\/li>\n\n\n\n<li><strong>Adequado para aparelhos de cozinha:<\/strong> Cada item do nosso conjunto de lou\u00e7as personalizadas \u00e9 seguro para uso no forno, vaporizador, micro-ondas, esterilizador e fritadeira de ar quente. Isso \u00e9 muito importante para cozinhas comerciais, incluindo restaurantes, hot\u00e9is, padarias, etc., pois simplifica o trabalho na cozinha.<\/li>\n\n\n\n<li><strong>Ideal para venda por grosso e personaliza\u00e7\u00e3o:<\/strong> Esta extensa gama de produtos cer\u00e2micos rurais para mesa, vendidos por grosso, \u00e9 ideal para distribuidores, supermercados, marcas de artigos para o lar e fornecedores do setor hoteleiro. Est\u00e1 dispon\u00edvel um fornecimento de grande volume, com controlo de qualidade consistente e capacidades de produ\u00e7\u00e3o fi\u00e1veis.<\/li>\n<\/ul>\n<\/div>\n\n\n\n<div class=\"wp-block-column is-layout-flow wp-block-column-is-layout-flow\">\n<figure class=\"wp-block-image size-full\"><img fetchpriority=\"high\" decoding=\"async\" width=\"800\" height=\"800\" src=\"https:\/\/www.yongjianceramic.com\/wp-content\/uploads\/2025\/12\/rural-ceramic-tableware-wholesale-dinnerware-sets-supply-9.webp\" alt=\"lou\u00e7a-cer\u00e2mica-rural-atacado-conjuntos-de-lou\u00e7a-para-jantar-fornecimento-9\" class=\"wp-image-5354\" srcset=\"https:\/\/www.yongjianceramic.com\/wp-content\/uploads\/2025\/12\/rural-ceramic-tableware-wholesale-dinnerware-sets-supply-9.webp 800w, https:\/\/www.yongjianceramic.com\/wp-content\/uploads\/2025\/12\/rural-ceramic-tableware-wholesale-dinnerware-sets-supply-9-300x300.webp 300w, https:\/\/www.yongjianceramic.com\/wp-content\/uploads\/2025\/12\/rural-ceramic-tableware-wholesale-dinnerware-sets-supply-9-150x150.webp 150w, https:\/\/www.yongjianceramic.com\/wp-content\/uploads\/2025\/12\/rural-ceramic-tableware-wholesale-dinnerware-sets-supply-9-768x768.webp 768w, https:\/\/www.yongjianceramic.com\/wp-content\/uploads\/2025\/12\/rural-ceramic-tableware-wholesale-dinnerware-sets-supply-9-12x12.webp 12w, https:\/\/www.yongjianceramic.com\/wp-content\/uploads\/2025\/12\/rural-ceramic-tableware-wholesale-dinnerware-sets-supply-9-285x285.webp 285w, https:\/\/www.yongjianceramic.com\/wp-content\/uploads\/2025\/12\/rural-ceramic-tableware-wholesale-dinnerware-sets-supply-9-270x270.webp 270w, https:\/\/www.yongjianceramic.com\/wp-content\/uploads\/2025\/12\/rural-ceramic-tableware-wholesale-dinnerware-sets-supply-9-540x540.webp 540w, https:\/\/www.yongjianceramic.com\/wp-content\/uploads\/2025\/12\/rural-ceramic-tableware-wholesale-dinnerware-sets-supply-9-660x660.webp 660w\" sizes=\"(max-width: 800px) 100vw, 800px\" \/><\/figure>\n<\/div>\n<\/div>\n\n\n\n<p><\/p>","protected":false},"excerpt":{"rendered":"<p>Bem-vindo \u00e0 compra por grosso dos nossos servi\u00e7os de mesa em cer\u00e2mica r\u00fastica. Oferecemos uma sele\u00e7\u00e3o completa de formatos e tamanhos, desde pratos de 10 cm a tigelas de 24 cm, incluindo tigelas de sopa, tigelas de arroz, pratos fundos e tigelas com duas al\u00e7as. Esta cole\u00e7\u00e3o de servi\u00e7os de mesa \u00e9 adequada para grossistas, retalhistas e projetos hoteleiros, oferecendo uma solu\u00e7\u00e3o de servi\u00e7os de mesa combinados e de alta qualidade para uso dom\u00e9stico e comercial.<\/p>\n<table width=\"309\">\n<tbody>\n<tr>\n<td width=\"120\">Fabricante<\/td>\n<td width=\"189\">Yongjian<\/td>\n<\/tr>\n<tr>\n<td>Modelo n.<\/td>\n<td width=\"189\">YJ-204<\/td>\n<\/tr>\n<tr>\n<td width=\"120\">Tipo de lou\u00e7a<\/td>\n<td width=\"189\">Pratos, travessas, ta\u00e7as<\/td>\n<\/tr>\n<tr>\n<td>T\u00e9cnica<\/td>\n<td>Esmaltes coloridos,  Apliques<\/td>\n<\/tr>\n<tr>\n<td>Material<\/td>\n<td>Gr\u00e9s<\/td>\n<\/tr>\n<tr>\n<td>Aplic\u00e1vel<\/td>\n<td width=\"189\">Esterilizador, M\u00e1quina de lavar loi\u00e7a, Forno, Micro-ondas<\/td>\n<\/tr>\n<tr>\n<td>Dimens\u00e3o<\/td>\n<td>Como imagem<\/td>\n<\/tr>\n<tr>\n<td>MOQ<\/td>\n<td>500 unidades<\/td>\n<\/tr>\n<tr>\n<td>Personalizado<\/td>\n<td>Cor\/tamanho\/log\u00f3tipo\/embalagem<\/td>\n<\/tr>\n<\/tbody>\n<\/table>","protected":false},"featured_media":5346,"comment_status":"closed","ping_status":"closed","template":"","meta":{"_acf_changed":false},"product_brand":[],"product_cat":[64,82,85],"product_tag":[81,86],"class_list":{"0":"post-5344","1":"product","2":"type-product","3":"status-publish","4":"has-post-thumbnail","6":"product_cat-dinnerware-sets","7":"product_cat-bulk-dinnerware-sets","8":"product_cat-wholesale-dinnerware-sets","9":"product_tag-modern-design-dinnerware-set-wholesale","10":"product_tag-oriental-style-dinnerware-wholesale","12":"first","13":"instock","14":"shipping-taxable","15":"product-type-simple"},"acf":[],"_links":{"self":[{"href":"https:\/\/www.yongjianceramic.com\/pt\/wp-json\/wp\/v2\/product\/5344","targetHints":{"allow":["GET"]}}],"collection":[{"href":"https:\/\/www.yongjianceramic.com\/pt\/wp-json\/wp\/v2\/product"}],"about":[{"href":"https:\/\/www.yongjianceramic.com\/pt\/wp-json\/wp\/v2\/types\/product"}],"replies":[{"embeddable":true,"href":"https:\/\/www.yongjianceramic.com\/pt\/wp-json\/wp\/v2\/comments?post=5344"}],"wp:featuredmedia":[{"embeddable":true,"href":"https:\/\/www.yongjianceramic.com\/pt\/wp-json\/wp\/v2\/media\/5346"}],"wp:attachment":[{"href":"https:\/\/www.yongjianceramic.com\/pt\/wp-json\/wp\/v2\/media?parent=5344"}],"wp:term":[{"taxonomy":"product_brand","embeddable":true,"href":"https:\/\/www.yongjianceramic.com\/pt\/wp-json\/wp\/v2\/product_brand?post=5344"},{"taxonomy":"product_cat","embeddable":true,"href":"https:\/\/www.yongjianceramic.com\/pt\/wp-json\/wp\/v2\/product_cat?post=5344"},{"taxonomy":"product_tag","embeddable":true,"href":"https:\/\/www.yongjianceramic.com\/pt\/wp-json\/wp\/v2\/product_tag?post=5344"}],"curies":[{"name":"wp","href":"https:\/\/api.w.org\/{rel}","templated":true}]}}