{"id":5357,"date":"2025-12-05T00:13:44","date_gmt":"2025-12-04T16:13:44","guid":{"rendered":"https:\/\/www.yongjianceramic.com\/?post_type=product&#038;p=5357"},"modified":"2025-12-05T09:09:09","modified_gmt":"2025-12-05T01:09:09","slug":"custom-porcelain-dinnerware","status":"publish","type":"product","link":"https:\/\/www.yongjianceramic.com\/pt\/produto\/custom-porcelain-dinnerware\/","title":{"rendered":"Lou\u00e7as de porcelana personalizadas, suprimentos para catering"},"content":{"rendered":"<div class=\"wp-block-columns is-layout-flex wp-container-core-columns-is-layout-9d6595d7 wp-block-columns-is-layout-flex\">\n<div class=\"wp-block-column is-layout-flow wp-block-column-is-layout-flow\">\n<h2 class=\"wp-block-heading\">Caracter\u00edsticas da lou\u00e7a de porcelana personalizada premium:<\/h2>\n\n\n\n<ul class=\"wp-block-list\">\n<li><strong>Material de porcelana de alta qualidade: <\/strong>Esta lou\u00e7a de porcelana personalizada \u00e9 feita com argila de porcelana de alta qualidade, o que lhe confere uma textura fina e grande durabilidade. \u00c9 resistente ao calor, aos riscos e adequada para uso em hot\u00e9is.<\/li>\n\n\n\n<li><strong>Design floral colorido:<\/strong> Este conjunto personalizado de lou\u00e7a de porcelana adota o mesmo design floral em vermelho, amarelo e azul (colorido) que adiciona um toque tradicional vibrante e traz beleza cl\u00e1ssica \u00e0 vida moderna. Ideal para banquetes em hot\u00e9is, restaurantes chineses, pratos tem\u00e1ticos e reuni\u00f5es em casa.<\/li>\n\n\n\n<li><strong>Grande variedade e tamanhos completos:<\/strong> Os nossos artigos de mesa para catering oferecem mais de dez formatos diferentes, incluindo ta\u00e7as de sopa com duas al\u00e7as, pratos fundos com rebordo curvo, pratos para peixe, pratos octogonais, pratos quadrados e muito mais, em v\u00e1rios tamanhos, de 10 a 35 cm, satisfazendo a procura por pratos chineses e ocidentais, sopas, alimentos b\u00e1sicos e sobremesas para diferentes situa\u00e7\u00f5es de catering.<\/li>\n\n\n\n<li><strong>Artesanato requintado e design pr\u00e1tico:<\/strong> Os nossos artigos de mesa para catering s\u00e3o concebidos com detalhes cuidadosamente pensados, como bordas onduladas, al\u00e7as duplas e um padr\u00e3o de rebordo semelhante a pedra, que n\u00e3o s\u00f3 t\u00eam um aspeto agrad\u00e1vel, como tamb\u00e9m os tornam mais f\u00e1ceis de usar e mais est\u00e1veis ao segurar. Cada pe\u00e7a de lou\u00e7a \u00e9 finamente pintada \u00e0 m\u00e3o com delicadas bordas azuis, o que torna todo o conjunto mais elegante e texturado.<\/li>\n<\/ul>\n<\/div>\n\n\n\n<div class=\"wp-block-column is-layout-flow wp-block-column-is-layout-flow\">\n<figure class=\"wp-block-image size-full\"><img fetchpriority=\"high\" decoding=\"async\" width=\"800\" height=\"800\" src=\"https:\/\/www.yongjianceramic.com\/wp-content\/uploads\/2025\/12\/custom-porcelain-dinnerware-catering-tableware-supplies-5.webp\" alt=\"porcelana personalizada - lou\u00e7a de jantar - catering - talheres - suprimentos - 5\" class=\"wp-image-5362\" srcset=\"https:\/\/www.yongjianceramic.com\/wp-content\/uploads\/2025\/12\/custom-porcelain-dinnerware-catering-tableware-supplies-5.webp 800w, https:\/\/www.yongjianceramic.com\/wp-content\/uploads\/2025\/12\/custom-porcelain-dinnerware-catering-tableware-supplies-5-300x300.webp 300w, https:\/\/www.yongjianceramic.com\/wp-content\/uploads\/2025\/12\/custom-porcelain-dinnerware-catering-tableware-supplies-5-150x150.webp 150w, https:\/\/www.yongjianceramic.com\/wp-content\/uploads\/2025\/12\/custom-porcelain-dinnerware-catering-tableware-supplies-5-768x768.webp 768w, https:\/\/www.yongjianceramic.com\/wp-content\/uploads\/2025\/12\/custom-porcelain-dinnerware-catering-tableware-supplies-5-12x12.webp 12w, https:\/\/www.yongjianceramic.com\/wp-content\/uploads\/2025\/12\/custom-porcelain-dinnerware-catering-tableware-supplies-5-285x285.webp 285w, https:\/\/www.yongjianceramic.com\/wp-content\/uploads\/2025\/12\/custom-porcelain-dinnerware-catering-tableware-supplies-5-270x270.webp 270w, https:\/\/www.yongjianceramic.com\/wp-content\/uploads\/2025\/12\/custom-porcelain-dinnerware-catering-tableware-supplies-5-540x540.webp 540w, https:\/\/www.yongjianceramic.com\/wp-content\/uploads\/2025\/12\/custom-porcelain-dinnerware-catering-tableware-supplies-5-660x660.webp 660w\" sizes=\"(max-width: 800px) 100vw, 800px\" \/><\/figure>\n<\/div>\n<\/div>\n\n\n\n<p><\/p>","protected":false},"excerpt":{"rendered":"<p>Bem-vindo \u00e0 compra dos nossos servi\u00e7os de porcelana personalizados, com designs vibrantes, refinados e de inspira\u00e7\u00e3o oriental, com um padr\u00e3o floral unificado e bordas azuis. Oferecemos uma ampla sele\u00e7\u00e3o de tigelas, pratos e travessas, adequados para diversos usos em hot\u00e9is, restaurantes e na cadeia de abastecimento de servi\u00e7os alimentares. Ideal para o com\u00e9rcio grossista profissional e personaliza\u00e7\u00e3o de marcas de lou\u00e7as de mesa.<\/p>\n<table width=\"309\">\n<tbody>\n<tr>\n<td width=\"120\">Fabricante<\/td>\n<td width=\"189\">Yongjian<\/td>\n<\/tr>\n<tr>\n<td>Modelo n.<\/td>\n<td width=\"189\">YJ-214<\/td>\n<\/tr>\n<tr>\n<td width=\"120\">Tipo de lou\u00e7a<\/td>\n<td width=\"189\">Pratos, travessas, ta\u00e7as<\/td>\n<\/tr>\n<tr>\n<td>T\u00e9cnica<\/td>\n<td>Esmaltes coloridos,  Apliques<\/td>\n<\/tr>\n<tr>\n<td>Material<\/td>\n<td>Porcelana<\/td>\n<\/tr>\n<tr>\n<td>Aplic\u00e1vel<\/td>\n<td width=\"189\">Esterilizador, M\u00e1quina de lavar loi\u00e7a, Forno, Micro-ondas<\/td>\n<\/tr>\n<tr>\n<td>Dimens\u00e3o<\/td>\n<td>Como imagem<\/td>\n<\/tr>\n<tr>\n<td>MOQ<\/td>\n<td>500 unidades<\/td>\n<\/tr>\n<tr>\n<td>Personalizado<\/td>\n<td>Cor\/tamanho\/log\u00f3tipo\/embalagem<\/td>\n<\/tr>\n<\/tbody>\n<\/table>","protected":false},"featured_media":5358,"comment_status":"closed","ping_status":"closed","template":"","meta":{"_acf_changed":false},"product_brand":[],"product_cat":[64,85],"product_tag":[86],"class_list":{"0":"post-5357","1":"product","2":"type-product","3":"status-publish","4":"has-post-thumbnail","6":"product_cat-dinnerware-sets","7":"product_cat-wholesale-dinnerware-sets","8":"product_tag-oriental-style-dinnerware-wholesale","10":"first","11":"instock","12":"shipping-taxable","13":"product-type-simple"},"acf":[],"_links":{"self":[{"href":"https:\/\/www.yongjianceramic.com\/pt\/wp-json\/wp\/v2\/product\/5357","targetHints":{"allow":["GET"]}}],"collection":[{"href":"https:\/\/www.yongjianceramic.com\/pt\/wp-json\/wp\/v2\/product"}],"about":[{"href":"https:\/\/www.yongjianceramic.com\/pt\/wp-json\/wp\/v2\/types\/product"}],"replies":[{"embeddable":true,"href":"https:\/\/www.yongjianceramic.com\/pt\/wp-json\/wp\/v2\/comments?post=5357"}],"wp:featuredmedia":[{"embeddable":true,"href":"https:\/\/www.yongjianceramic.com\/pt\/wp-json\/wp\/v2\/media\/5358"}],"wp:attachment":[{"href":"https:\/\/www.yongjianceramic.com\/pt\/wp-json\/wp\/v2\/media?parent=5357"}],"wp:term":[{"taxonomy":"product_brand","embeddable":true,"href":"https:\/\/www.yongjianceramic.com\/pt\/wp-json\/wp\/v2\/product_brand?post=5357"},{"taxonomy":"product_cat","embeddable":true,"href":"https:\/\/www.yongjianceramic.com\/pt\/wp-json\/wp\/v2\/product_cat?post=5357"},{"taxonomy":"product_tag","embeddable":true,"href":"https:\/\/www.yongjianceramic.com\/pt\/wp-json\/wp\/v2\/product_tag?post=5357"}],"curies":[{"name":"wp","href":"https:\/\/api.w.org\/{rel}","templated":true}]}}