{"id":5488,"date":"2026-04-21T17:15:05","date_gmt":"2026-04-21T08:01:06","guid":{"rendered":"https:\/\/www.yongjianceramic.com\/?post_type=product&#038;p=5488"},"modified":"2026-04-21T19:51:14","modified_gmt":"2026-04-21T11:51:14","slug":"custom-baking-pans","status":"publish","type":"product","link":"https:\/\/www.yongjianceramic.com\/pt\/produto\/custom-baking-pans\/","title":{"rendered":"Assadeiras personalizadas, Conjunto de assadeiras de cer\u00e2mica por atacado"},"content":{"rendered":"<div class=\"wp-block-columns is-layout-flex wp-container-core-columns-is-layout-9d6595d7 wp-block-columns-is-layout-flex\">\n<div class=\"wp-block-column is-layout-flow wp-block-column-is-layout-flow\">\n<h2 class=\"wp-block-heading\">Carater\u00edsticas das formas personalizadas Premium:<\/h2>\n\n\n\n<ul class=\"wp-block-list\">\n<li><strong>Conjunto vers\u00e1til de 3 pe\u00e7as para cozer:<\/strong> As nossas formas personalizadas incluem uma forma de p\u00e3o, uma forma 8\u00d78 e uma ca\u00e7arola 13\u00d79 de grandes dimens\u00f5es, perfeitas para cozer p\u00e3o, brownies, lasanha e muito mais. Ideal para uso dom\u00e9stico e em cozinhas comerciais.<\/li>\n\n\n\n<li><strong>Material cer\u00e2mico de qualidade superior seguro para o forno:<\/strong> Os nossos tabuleiros personalizados s\u00e3o feitos de cer\u00e2mica de alta cozedura. Este conjunto de assadeiras de cer\u00e2mica por atacado oferece uma excelente reten\u00e7\u00e3o de calor e resultados de cozedura uniformes. Seguro para utiliza\u00e7\u00e3o no forno, no micro-ondas e na m\u00e1quina de lavar loi\u00e7a.<\/li>\n\n\n\n<li><strong>Solu\u00e7\u00f5es personalizadas OEM e ODM: <\/strong>Este conjunto de assadeiras de cer\u00e2mica por atacado suporta personaliza\u00e7\u00e3o total, incluindo tamanho, cor, esmalte (fosco \/ reativo), logotipo e embalagem. Perfeito para marcas, grossistas e vendedores de marcas pr\u00f3prias.<\/li>\n\n\n\n<li><strong>Acabamento dur\u00e1vel e resistente a lascas:<\/strong> A nossa assadeira personalizada tem uma superf\u00edcie lisa e esmaltada resistente a riscos e manchas, o que a torna suficientemente forte para uma utiliza\u00e7\u00e3o frequente sem desvanecer e lhe d\u00e1 uma assadeira com um aspeto de primeira qualidade durante muito tempo.<\/li>\n\n\n\n<li><strong>Fornecimento direto da f\u00e1brica por atacado:<\/strong> Como um fabricante profissional de utens\u00edlios para assar em cer\u00e2mica, Yongjian ir\u00e1 fornecer-lhe o melhor pre\u00e7o, boa capacidade de produ\u00e7\u00e3o e transporte global confi\u00e1vel para o seu pedido em massa.<\/li>\n<\/ul>\n<\/div>\n\n\n\n<div class=\"wp-block-column is-layout-flow wp-block-column-is-layout-flow\">\n<figure class=\"wp-block-image size-full\"><img fetchpriority=\"high\" decoding=\"async\" width=\"1250\" height=\"1500\" src=\"https:\/\/www.yongjianceramic.com\/wp-content\/uploads\/2026\/04\/custom-baking-pans-wholesale-ceramic-baking-dish-set-5.webp\" alt=\"panelas personalizadas - venda por grosso - conjunto de pratos de cer\u00e2mica - 5\" class=\"wp-image-5493\" srcset=\"https:\/\/www.yongjianceramic.com\/wp-content\/uploads\/2026\/04\/custom-baking-pans-wholesale-ceramic-baking-dish-set-5.webp 1250w, https:\/\/www.yongjianceramic.com\/wp-content\/uploads\/2026\/04\/custom-baking-pans-wholesale-ceramic-baking-dish-set-5-250x300.webp 250w, https:\/\/www.yongjianceramic.com\/wp-content\/uploads\/2026\/04\/custom-baking-pans-wholesale-ceramic-baking-dish-set-5-768x922.webp 768w, https:\/\/www.yongjianceramic.com\/wp-content\/uploads\/2026\/04\/custom-baking-pans-wholesale-ceramic-baking-dish-set-5-10x12.webp 10w, https:\/\/www.yongjianceramic.com\/wp-content\/uploads\/2026\/04\/custom-baking-pans-wholesale-ceramic-baking-dish-set-5-285x342.webp 285w, https:\/\/www.yongjianceramic.com\/wp-content\/uploads\/2026\/04\/custom-baking-pans-wholesale-ceramic-baking-dish-set-5-550x660.webp 550w, https:\/\/www.yongjianceramic.com\/wp-content\/uploads\/2026\/04\/custom-baking-pans-wholesale-ceramic-baking-dish-set-5-125x150.webp 125w\" sizes=\"(max-width: 1250px) 100vw, 1250px\" \/><\/figure>\n<\/div>\n<\/div>\n\n\n\n<div class=\"wp-block-columns is-layout-flex wp-container-core-columns-is-layout-9d6595d7 wp-block-columns-is-layout-flex\">\n<div class=\"wp-block-column is-layout-flow wp-block-column-is-layout-flow\">\n<figure class=\"wp-block-image size-full is-style-default\"><img decoding=\"async\" width=\"800\" height=\"800\" src=\"https:\/\/www.yongjianceramic.com\/wp-content\/uploads\/2026\/04\/custom-baking-pans-wholesale-ceramic-baking-dish-set-1.webp\" alt=\"conjunto de panelas de cer\u00e2mica para assar-1\" class=\"wp-image-5489\" style=\"object-fit:cover\" srcset=\"https:\/\/www.yongjianceramic.com\/wp-content\/uploads\/2026\/04\/custom-baking-pans-wholesale-ceramic-baking-dish-set-1.webp 800w, https:\/\/www.yongjianceramic.com\/wp-content\/uploads\/2026\/04\/custom-baking-pans-wholesale-ceramic-baking-dish-set-1-300x300.webp 300w, https:\/\/www.yongjianceramic.com\/wp-content\/uploads\/2026\/04\/custom-baking-pans-wholesale-ceramic-baking-dish-set-1-150x150.webp 150w, https:\/\/www.yongjianceramic.com\/wp-content\/uploads\/2026\/04\/custom-baking-pans-wholesale-ceramic-baking-dish-set-1-768x768.webp 768w, https:\/\/www.yongjianceramic.com\/wp-content\/uploads\/2026\/04\/custom-baking-pans-wholesale-ceramic-baking-dish-set-1-12x12.webp 12w, https:\/\/www.yongjianceramic.com\/wp-content\/uploads\/2026\/04\/custom-baking-pans-wholesale-ceramic-baking-dish-set-1-285x285.webp 285w, https:\/\/www.yongjianceramic.com\/wp-content\/uploads\/2026\/04\/custom-baking-pans-wholesale-ceramic-baking-dish-set-1-270x270.webp 270w, https:\/\/www.yongjianceramic.com\/wp-content\/uploads\/2026\/04\/custom-baking-pans-wholesale-ceramic-baking-dish-set-1-540x540.webp 540w, https:\/\/www.yongjianceramic.com\/wp-content\/uploads\/2026\/04\/custom-baking-pans-wholesale-ceramic-baking-dish-set-1-660x660.webp 660w\" sizes=\"(max-width: 800px) 100vw, 800px\" \/><\/figure>\n<\/div>\n\n\n\n<div class=\"wp-block-column is-layout-flow wp-block-column-is-layout-flow\">\n<figure class=\"wp-block-image size-full is-style-default\"><img decoding=\"async\" width=\"800\" height=\"800\" src=\"https:\/\/www.yongjianceramic.com\/wp-content\/uploads\/2026\/04\/custom-baking-pans-wholesale-ceramic-baking-dish-set-2.webp\" alt=\"assadeiras personalizadas - venda por grosso - conjunto de assadeiras de cer\u00e2mica - 2\" class=\"wp-image-5490\" srcset=\"https:\/\/www.yongjianceramic.com\/wp-content\/uploads\/2026\/04\/custom-baking-pans-wholesale-ceramic-baking-dish-set-2.webp 800w, https:\/\/www.yongjianceramic.com\/wp-content\/uploads\/2026\/04\/custom-baking-pans-wholesale-ceramic-baking-dish-set-2-300x300.webp 300w, https:\/\/www.yongjianceramic.com\/wp-content\/uploads\/2026\/04\/custom-baking-pans-wholesale-ceramic-baking-dish-set-2-150x150.webp 150w, https:\/\/www.yongjianceramic.com\/wp-content\/uploads\/2026\/04\/custom-baking-pans-wholesale-ceramic-baking-dish-set-2-768x768.webp 768w, https:\/\/www.yongjianceramic.com\/wp-content\/uploads\/2026\/04\/custom-baking-pans-wholesale-ceramic-baking-dish-set-2-12x12.webp 12w, https:\/\/www.yongjianceramic.com\/wp-content\/uploads\/2026\/04\/custom-baking-pans-wholesale-ceramic-baking-dish-set-2-285x285.webp 285w, https:\/\/www.yongjianceramic.com\/wp-content\/uploads\/2026\/04\/custom-baking-pans-wholesale-ceramic-baking-dish-set-2-270x270.webp 270w, https:\/\/www.yongjianceramic.com\/wp-content\/uploads\/2026\/04\/custom-baking-pans-wholesale-ceramic-baking-dish-set-2-540x540.webp 540w, https:\/\/www.yongjianceramic.com\/wp-content\/uploads\/2026\/04\/custom-baking-pans-wholesale-ceramic-baking-dish-set-2-660x660.webp 660w\" sizes=\"(max-width: 800px) 100vw, 800px\" \/><\/figure>\n<\/div>\n\n\n\n<div class=\"wp-block-column is-layout-flow wp-block-column-is-layout-flow\">\n<figure class=\"wp-block-image size-full is-style-default\"><img loading=\"lazy\" decoding=\"async\" width=\"800\" height=\"800\" src=\"https:\/\/www.yongjianceramic.com\/wp-content\/uploads\/2026\/04\/custom-baking-pans-wholesale-ceramic-baking-dish-set-9.webp\" alt=\"panelas personalizadas - venda por grosso - conjunto de pratos de cer\u00e2mica - 9\" class=\"wp-image-5497\" srcset=\"https:\/\/www.yongjianceramic.com\/wp-content\/uploads\/2026\/04\/custom-baking-pans-wholesale-ceramic-baking-dish-set-9.webp 800w, https:\/\/www.yongjianceramic.com\/wp-content\/uploads\/2026\/04\/custom-baking-pans-wholesale-ceramic-baking-dish-set-9-300x300.webp 300w, https:\/\/www.yongjianceramic.com\/wp-content\/uploads\/2026\/04\/custom-baking-pans-wholesale-ceramic-baking-dish-set-9-150x150.webp 150w, https:\/\/www.yongjianceramic.com\/wp-content\/uploads\/2026\/04\/custom-baking-pans-wholesale-ceramic-baking-dish-set-9-768x768.webp 768w, https:\/\/www.yongjianceramic.com\/wp-content\/uploads\/2026\/04\/custom-baking-pans-wholesale-ceramic-baking-dish-set-9-12x12.webp 12w, https:\/\/www.yongjianceramic.com\/wp-content\/uploads\/2026\/04\/custom-baking-pans-wholesale-ceramic-baking-dish-set-9-285x285.webp 285w, https:\/\/www.yongjianceramic.com\/wp-content\/uploads\/2026\/04\/custom-baking-pans-wholesale-ceramic-baking-dish-set-9-270x270.webp 270w, https:\/\/www.yongjianceramic.com\/wp-content\/uploads\/2026\/04\/custom-baking-pans-wholesale-ceramic-baking-dish-set-9-540x540.webp 540w, https:\/\/www.yongjianceramic.com\/wp-content\/uploads\/2026\/04\/custom-baking-pans-wholesale-ceramic-baking-dish-set-9-660x660.webp 660w\" sizes=\"(max-width: 800px) 100vw, 800px\" \/><\/figure>\n<\/div>\n<\/div>","protected":false},"excerpt":{"rendered":"<p>Bem-vindo ao comprar as nossas formas personalizadas, que s\u00e3o feitas de cer\u00e2mica de primeira qualidade e seguras para o forno. Cada pe\u00e7a tem uma excelente reten\u00e7\u00e3o de calor e durabilidade para uma utiliza\u00e7\u00e3o a longo prazo. S\u00e3o seguras para o forno, micro-ondas e m\u00e1quina de lavar lou\u00e7a para uso dom\u00e9stico e comercial. Como um fabricante fi\u00e1vel, fornecemos solu\u00e7\u00f5es personalizadas OEM\/ODM para grossistas, marcas de utens\u00edlios de cozinha e vendedores de com\u00e9rcio eletr\u00f3nico que pretendem criar a sua pr\u00f3pria linha de assadeiras de cer\u00e2mica com os melhores pre\u00e7os e entrega.<\/p>\n<table border=\"0\" width=\"309\" cellspacing=\"0\" cellpadding=\"0\">\n<tbody>\n<tr>\n<td width=\"120\" height=\"17\">Fabricante<\/td>\n<td width=\"189\">Yongjian<\/td>\n<\/tr>\n<tr>\n<td height=\"18\">Modelo n.<\/td>\n<td width=\"189\">YJ1, YJ2, YJ3<\/td>\n<\/tr>\n<tr>\n<td height=\"17\">Tipo de produto<\/td>\n<td>Formas de cozedura<\/td>\n<\/tr>\n<tr>\n<td height=\"17\">Material<\/td>\n<td>Porcelana<\/td>\n<\/tr>\n<tr>\n<td height=\"17\">Forma<\/td>\n<td>Retangular<\/td>\n<\/tr>\n<tr>\n<td height=\"17\">Cor<\/td>\n<td>Preto, branco, verde, cores personalizadas dispon\u00edveis<\/td>\n<\/tr>\n<tr>\n<td height=\"53\">Dimens\u00e3o<\/td>\n<td width=\"189\">19,8*12,4*6,1 cm<br \/>19,8*20,3*6,1 cm<br \/>36,6*26,7*7,1 cm<\/td>\n<\/tr>\n<tr>\n<td height=\"17\">MOQ<\/td>\n<td>500 unidades<\/td>\n<\/tr>\n<tr>\n<td height=\"17\">Personalizado<\/td>\n<td>Cor\/tamanho\/log\u00f3tipo\/embalagem<\/td>\n<\/tr>\n<\/tbody>\n<\/table>","protected":false},"featured_media":5492,"comment_status":"closed","ping_status":"closed","template":"","meta":{"_acf_changed":false},"product_brand":[],"product_cat":[62,99],"product_tag":[81],"class_list":{"0":"post-5488","1":"product","2":"type-product","3":"status-publish","4":"has-post-thumbnail","6":"product_cat-ceramic-plates-wholesale","7":"product_cat-baking-dishes-wholesale","8":"product_tag-modern-design-dinnerware-set-wholesale","10":"first","11":"instock","12":"shipping-taxable","13":"product-type-simple"},"acf":[],"_links":{"self":[{"href":"https:\/\/www.yongjianceramic.com\/pt\/wp-json\/wp\/v2\/product\/5488","targetHints":{"allow":["GET"]}}],"collection":[{"href":"https:\/\/www.yongjianceramic.com\/pt\/wp-json\/wp\/v2\/product"}],"about":[{"href":"https:\/\/www.yongjianceramic.com\/pt\/wp-json\/wp\/v2\/types\/product"}],"replies":[{"embeddable":true,"href":"https:\/\/www.yongjianceramic.com\/pt\/wp-json\/wp\/v2\/comments?post=5488"}],"wp:featuredmedia":[{"embeddable":true,"href":"https:\/\/www.yongjianceramic.com\/pt\/wp-json\/wp\/v2\/media\/5492"}],"wp:attachment":[{"href":"https:\/\/www.yongjianceramic.com\/pt\/wp-json\/wp\/v2\/media?parent=5488"}],"wp:term":[{"taxonomy":"product_brand","embeddable":true,"href":"https:\/\/www.yongjianceramic.com\/pt\/wp-json\/wp\/v2\/product_brand?post=5488"},{"taxonomy":"product_cat","embeddable":true,"href":"https:\/\/www.yongjianceramic.com\/pt\/wp-json\/wp\/v2\/product_cat?post=5488"},{"taxonomy":"product_tag","embeddable":true,"href":"https:\/\/www.yongjianceramic.com\/pt\/wp-json\/wp\/v2\/product_tag?post=5488"}],"curies":[{"name":"wp","href":"https:\/\/api.w.org\/{rel}","templated":true}]}}