{"id":5501,"date":"2026-04-21T18:13:00","date_gmt":"2026-04-21T09:27:20","guid":{"rendered":"https:\/\/www.yongjianceramic.com\/?post_type=product&#038;p=5501"},"modified":"2026-04-21T18:14:02","modified_gmt":"2026-04-21T10:14:02","slug":"ceramic-ramekins-wholesale","status":"publish","type":"product","link":"https:\/\/www.yongjianceramic.com\/pt\/produto\/ceramic-ramekins-wholesale\/","title":{"rendered":"Ramequins de cer\u00e2mica de 3,6 polegadas por atacado, fornecimento de copos de sufl\u00ea seguros para forno"},"content":{"rendered":"<div class=\"wp-block-columns is-layout-flex wp-container-core-columns-is-layout-9d6595d7 wp-block-columns-is-layout-flex\">\n<div class=\"wp-block-column is-layout-flow wp-block-column-is-layout-flow\">\n<h2 class=\"wp-block-heading\">Ramequins de cer\u00e2mica premium Carater\u00edsticas por atacado:<\/h2>\n\n\n\n<ul class=\"wp-block-list\">\n<li><strong>Design artesanal mate: <\/strong>Estes ramequins de cer\u00e2mica com um esmalte mate esbranqui\u00e7ado \u00fanico com manchas pretas naturais e um rebordo em tom de barro quente proporcionam uma est\u00e9tica artesanal. Perfeitos para linhas de lou\u00e7a n\u00f3rdica, moderna e r\u00fastica de restaurantes ou retalhistas.<\/li>\n\n\n\n<li><strong>Cer\u00e2mica segura para o forno:<\/strong> Fabricados em cer\u00e2mica de alta cozedura, estes ramequins de cer\u00e2mica suportam mudan\u00e7as de temperatura extremas. Adequados para cozer no forno, aquecer no micro-ondas e guardar no congelador - ideais para souffl\u00e9s, sobremesas e acompanhamentos.<\/li>\n\n\n\n<li><strong>Design empilh\u00e1vel:<\/strong> Os nossos copos de souffl\u00e9 para venda por grosso s\u00e3o concebidos com uma base suave e est\u00e1vel para facilitar o empilhamento. Ajuda os restaurantes, as empresas de catering e os grossistas a pouparem espa\u00e7o de armazenamento e a gerirem eficazmente um grande invent\u00e1rio.<\/li>\n\n\n\n<li><strong>Sem chumbo e com seguran\u00e7a alimentar para mercados globais:<\/strong> Estes ramequins de cer\u00e2mica por atacado 100% n\u00e3o cont\u00eam chumbo nem c\u00e1dmio e cumprem as normas internacionais de seguran\u00e7a alimentar. Seguro para uso di\u00e1rio e adequado para exporta\u00e7\u00e3o para a Europa, EUA e outros mercados regulamentados.<\/li>\n\n\n\n<li><strong>Venda por atacado direta da f\u00e1brica com apoio \u00e0 personaliza\u00e7\u00e3o:<\/strong> Fabricante profissional de loi\u00e7a de cer\u00e2mica que oferece pre\u00e7os de f\u00e1brica competitivos. Oferece servi\u00e7os OEM\/ODM, incluindo impress\u00e3o de log\u00f3tipos, cores de esmalte personalizadas e solu\u00e7\u00f5es de embalagem para propriet\u00e1rios de marcas e distribuidores.<\/li>\n<\/ul>\n<\/div>\n\n\n\n<div class=\"wp-block-column is-layout-flow wp-block-column-is-layout-flow\">\n<figure class=\"wp-block-image size-full\"><img fetchpriority=\"high\" decoding=\"async\" width=\"1250\" height=\"1500\" src=\"https:\/\/www.yongjianceramic.com\/wp-content\/uploads\/2026\/04\/ceramic-ramekins-wholesale-oven-safe-souffle-cups-supply-6.webp\" alt=\"cer\u00e2mica-ramekins-wholesale-oven-safe-souffle-cups-supply-6\" class=\"wp-image-5507\" srcset=\"https:\/\/www.yongjianceramic.com\/wp-content\/uploads\/2026\/04\/ceramic-ramekins-wholesale-oven-safe-souffle-cups-supply-6.webp 1250w, https:\/\/www.yongjianceramic.com\/wp-content\/uploads\/2026\/04\/ceramic-ramekins-wholesale-oven-safe-souffle-cups-supply-6-250x300.webp 250w, https:\/\/www.yongjianceramic.com\/wp-content\/uploads\/2026\/04\/ceramic-ramekins-wholesale-oven-safe-souffle-cups-supply-6-768x922.webp 768w, https:\/\/www.yongjianceramic.com\/wp-content\/uploads\/2026\/04\/ceramic-ramekins-wholesale-oven-safe-souffle-cups-supply-6-10x12.webp 10w, https:\/\/www.yongjianceramic.com\/wp-content\/uploads\/2026\/04\/ceramic-ramekins-wholesale-oven-safe-souffle-cups-supply-6-285x342.webp 285w, https:\/\/www.yongjianceramic.com\/wp-content\/uploads\/2026\/04\/ceramic-ramekins-wholesale-oven-safe-souffle-cups-supply-6-550x660.webp 550w, https:\/\/www.yongjianceramic.com\/wp-content\/uploads\/2026\/04\/ceramic-ramekins-wholesale-oven-safe-souffle-cups-supply-6-125x150.webp 125w\" sizes=\"(max-width: 1250px) 100vw, 1250px\" \/><\/figure>\n<\/div>\n<\/div>","protected":false},"excerpt":{"rendered":"<p>Bem-vindo ao comprar os nossos ramequins de cer\u00e2mica de alta qualidade por atacado para restaurantes, retalhistas e propriet\u00e1rios de marcas. Estas ch\u00e1venas para souffl\u00e9 de 3,6 polegadas, seguras no forno, apresentam cer\u00e2mica dur\u00e1vel de alta cozedura, um design empilh\u00e1vel e um acabamento mate artesanal \u00fanico. O pre\u00e7o direto de f\u00e1brica com personaliza\u00e7\u00e3o OEM flex\u00edvel garante um fornecimento fi\u00e1vel a granel e uma forte diferencia\u00e7\u00e3o da marca.<\/p>\n<table border=\"0\" width=\"346\" cellspacing=\"0\" cellpadding=\"0\">\n<tbody>\n<tr>\n<td width=\"120\" height=\"17\">Fabricante<\/td>\n<td width=\"225\">Yongjian<\/td>\n<\/tr>\n<tr>\n<td height=\"18\">Modelo n.<\/td>\n<td width=\"225\">YJ4<\/td>\n<\/tr>\n<tr>\n<td height=\"17\">Tipo de produto<\/td>\n<td>Formas de cozedura<\/td>\n<\/tr>\n<tr>\n<td height=\"17\">Material<\/td>\n<td>Porcelana<\/td>\n<\/tr>\n<tr>\n<td height=\"17\">Forma<\/td>\n<td>Redondo<\/td>\n<\/tr>\n<tr>\n<td height=\"17\">Cor<\/td>\n<td>Branco, cores personalizadas dispon\u00edveis<\/td>\n<\/tr>\n<tr>\n<td height=\"18\">Dimens\u00e3o<\/td>\n<td width=\"225\">9,1*9,1*5,6 cm<\/td>\n<\/tr>\n<tr>\n<td height=\"17\">MOQ<\/td>\n<td>500 unidades<\/td>\n<\/tr>\n<tr>\n<td height=\"17\">Personalizado<\/td>\n<td>Cor\/tamanho\/log\u00f3tipo\/embalagem<\/td>\n<\/tr>\n<tr>\n<td height=\"17\">Embalagem<\/td>\n<td>Embalagem a granel\/ Caixa de espuma\/ Caixa castanha<\/td>\n<\/tr>\n<\/tbody>\n<\/table>","protected":false},"featured_media":5502,"comment_status":"closed","ping_status":"closed","template":"","meta":{"_acf_changed":false},"product_brand":[],"product_cat":[62,99],"product_tag":[81],"class_list":{"0":"post-5501","1":"product","2":"type-product","3":"status-publish","4":"has-post-thumbnail","6":"product_cat-ceramic-plates-wholesale","7":"product_cat-baking-dishes-wholesale","8":"product_tag-modern-design-dinnerware-set-wholesale","10":"first","11":"instock","12":"shipping-taxable","13":"product-type-simple"},"acf":[],"_links":{"self":[{"href":"https:\/\/www.yongjianceramic.com\/pt\/wp-json\/wp\/v2\/product\/5501","targetHints":{"allow":["GET"]}}],"collection":[{"href":"https:\/\/www.yongjianceramic.com\/pt\/wp-json\/wp\/v2\/product"}],"about":[{"href":"https:\/\/www.yongjianceramic.com\/pt\/wp-json\/wp\/v2\/types\/product"}],"replies":[{"embeddable":true,"href":"https:\/\/www.yongjianceramic.com\/pt\/wp-json\/wp\/v2\/comments?post=5501"}],"wp:featuredmedia":[{"embeddable":true,"href":"https:\/\/www.yongjianceramic.com\/pt\/wp-json\/wp\/v2\/media\/5502"}],"wp:attachment":[{"href":"https:\/\/www.yongjianceramic.com\/pt\/wp-json\/wp\/v2\/media?parent=5501"}],"wp:term":[{"taxonomy":"product_brand","embeddable":true,"href":"https:\/\/www.yongjianceramic.com\/pt\/wp-json\/wp\/v2\/product_brand?post=5501"},{"taxonomy":"product_cat","embeddable":true,"href":"https:\/\/www.yongjianceramic.com\/pt\/wp-json\/wp\/v2\/product_cat?post=5501"},{"taxonomy":"product_tag","embeddable":true,"href":"https:\/\/www.yongjianceramic.com\/pt\/wp-json\/wp\/v2\/product_tag?post=5501"}],"curies":[{"name":"wp","href":"https:\/\/api.w.org\/{rel}","templated":true}]}}