{"id":5512,"date":"2026-04-22T09:23:50","date_gmt":"2026-04-22T01:23:50","guid":{"rendered":"https:\/\/www.yongjianceramic.com\/?post_type=product&#038;p=5512"},"modified":"2026-04-22T10:56:57","modified_gmt":"2026-04-22T02:56:57","slug":"wholesale-ceramic-baking-dish-set","status":"publish","type":"product","link":"https:\/\/www.yongjianceramic.com\/pt\/produto\/wholesale-ceramic-baking-dish-set\/","title":{"rendered":"Conjunto de assadeiras de cer\u00e2mica por atacado, assadeiras comerciais a granel"},"content":{"rendered":"<div class=\"wp-block-columns is-layout-flex wp-container-core-columns-is-layout-9d6595d7 wp-block-columns-is-layout-flex\">\n<div class=\"wp-block-column is-layout-flow wp-block-column-is-layout-flow\">\n<h2 class=\"wp-block-heading\">Conjunto de pratos de cer\u00e2mica para assar Premium Wholesale Carater\u00edsticas:<\/h2>\n\n\n\n<ul class=\"wp-block-list\">\n<li><strong>Design de encaixe que poupa espa\u00e7o:<\/strong> Este conjunto de assadeiras de cer\u00e2mica para venda por grosso apresenta um design de encaixe inteligente com tr\u00eas tamanhos perfeitamente compat\u00edveis. Reduz o espa\u00e7o de armazenamento para os utilizadores finais, minimizando o volume de envio e os riscos de quebra, ideal para compradores a granel e vendedores de com\u00e9rcio eletr\u00f3nico.<\/li>\n\n\n\n<li><strong>Tamanhos vers\u00e1teis para uso comercial e retalhista:<\/strong> Concebido para m\u00faltiplas necessidades culin\u00e1rias, este conjunto de pratos de cer\u00e2mica para assar por atacado inclui pratos grandes, m\u00e9dios e pequenos. Perfeito para assar, cozer e servir, satisfazendo as exig\u00eancias de restaurantes e retalhistas.<\/li>\n\n\n\n<li><strong>Reten\u00e7\u00e3o de calor superior para resultados de cozedura uniformes: <\/strong>Fabricados em cer\u00e2mica espessa e de alta qualidade, estes tabuleiros comerciais garantem uma distribui\u00e7\u00e3o uniforme do calor, evitando queimaduras e melhorando o desempenho da cozedura. Mant\u00e9m os alimentos quentes durante mais tempo depois de servidos - perfeitos para utiliza\u00e7\u00e3o em hotelaria.<\/li>\n\n\n\n<li><strong>Esmalte duradouro para utiliza\u00e7\u00e3o a longo prazo: <\/strong>A massa dos tabuleiros comerciais \u00e9 revestida com um esmalte de alta densidade resistente a riscos. \u00c9 antiaderente, f\u00e1cil de limpar e mant\u00e9m uma cor vibrante mesmo com a utiliza\u00e7\u00e3o frequente da m\u00e1quina de lavar lou\u00e7a comercial.<\/li>\n\n\n\n<li><strong>Fornecimento a granel com embalagem segura e compat\u00edvel com OEM:<\/strong> N\u00f3s fornecemos o MOQ para o conjunto de assadeiras de cer\u00e2mica por atacado a seu pedido. Somos capazes de produzir para todo o conjunto ou por tamanho \u00fanico em quantidade. A embalagem protetora personalizada est\u00e1 em conformidade com os padr\u00f5es de com\u00e9rcio eletr\u00f4nico para reduzir os danos durante o transporte.<\/li>\n<\/ul>\n<\/div>\n\n\n\n<div class=\"wp-block-column is-layout-flow wp-block-column-is-layout-flow\">\n<figure class=\"wp-block-image size-full\"><img fetchpriority=\"high\" decoding=\"async\" width=\"1000\" height=\"1037\" src=\"https:\/\/www.yongjianceramic.com\/wp-content\/uploads\/2026\/04\/wholesale-ceramic-baking-dish-set-commercial-baking-pans-bulk-5.webp\" alt=\"conjunto de pratos de cozedura em cer\u00e2mica para uso comercial - lote 5\" class=\"wp-image-5520\" srcset=\"https:\/\/www.yongjianceramic.com\/wp-content\/uploads\/2026\/04\/wholesale-ceramic-baking-dish-set-commercial-baking-pans-bulk-5.webp 1000w, https:\/\/www.yongjianceramic.com\/wp-content\/uploads\/2026\/04\/wholesale-ceramic-baking-dish-set-commercial-baking-pans-bulk-5-289x300.webp 289w, https:\/\/www.yongjianceramic.com\/wp-content\/uploads\/2026\/04\/wholesale-ceramic-baking-dish-set-commercial-baking-pans-bulk-5-768x796.webp 768w, https:\/\/www.yongjianceramic.com\/wp-content\/uploads\/2026\/04\/wholesale-ceramic-baking-dish-set-commercial-baking-pans-bulk-5-12x12.webp 12w, https:\/\/www.yongjianceramic.com\/wp-content\/uploads\/2026\/04\/wholesale-ceramic-baking-dish-set-commercial-baking-pans-bulk-5-285x296.webp 285w, https:\/\/www.yongjianceramic.com\/wp-content\/uploads\/2026\/04\/wholesale-ceramic-baking-dish-set-commercial-baking-pans-bulk-5-636x660.webp 636w, https:\/\/www.yongjianceramic.com\/wp-content\/uploads\/2026\/04\/wholesale-ceramic-baking-dish-set-commercial-baking-pans-bulk-5-145x150.webp 145w\" sizes=\"(max-width: 1000px) 100vw, 1000px\" \/><\/figure>\n<\/div>\n<\/div>\n\n\n\n<div class=\"wp-block-columns is-layout-flex wp-container-core-columns-is-layout-9d6595d7 wp-block-columns-is-layout-flex\">\n<div class=\"wp-block-column is-layout-flow wp-block-column-is-layout-flow\">\n<figure class=\"wp-block-image size-full is-style-default\"><img decoding=\"async\" width=\"800\" height=\"800\" src=\"https:\/\/www.yongjianceramic.com\/wp-content\/uploads\/2026\/04\/wholesale-ceramic-baking-dish-set-commercial-baking-pans-1.webp\" alt=\"conjunto de pratos para cozer cer\u00e2mica para uso comercial-1\" class=\"wp-image-5513\" style=\"object-fit:cover\" srcset=\"https:\/\/www.yongjianceramic.com\/wp-content\/uploads\/2026\/04\/wholesale-ceramic-baking-dish-set-commercial-baking-pans-1.webp 800w, https:\/\/www.yongjianceramic.com\/wp-content\/uploads\/2026\/04\/wholesale-ceramic-baking-dish-set-commercial-baking-pans-1-300x300.webp 300w, https:\/\/www.yongjianceramic.com\/wp-content\/uploads\/2026\/04\/wholesale-ceramic-baking-dish-set-commercial-baking-pans-1-150x150.webp 150w, https:\/\/www.yongjianceramic.com\/wp-content\/uploads\/2026\/04\/wholesale-ceramic-baking-dish-set-commercial-baking-pans-1-768x768.webp 768w, https:\/\/www.yongjianceramic.com\/wp-content\/uploads\/2026\/04\/wholesale-ceramic-baking-dish-set-commercial-baking-pans-1-12x12.webp 12w, https:\/\/www.yongjianceramic.com\/wp-content\/uploads\/2026\/04\/wholesale-ceramic-baking-dish-set-commercial-baking-pans-1-285x285.webp 285w, https:\/\/www.yongjianceramic.com\/wp-content\/uploads\/2026\/04\/wholesale-ceramic-baking-dish-set-commercial-baking-pans-1-270x270.webp 270w, https:\/\/www.yongjianceramic.com\/wp-content\/uploads\/2026\/04\/wholesale-ceramic-baking-dish-set-commercial-baking-pans-1-540x540.webp 540w, https:\/\/www.yongjianceramic.com\/wp-content\/uploads\/2026\/04\/wholesale-ceramic-baking-dish-set-commercial-baking-pans-1-660x660.webp 660w\" sizes=\"(max-width: 800px) 100vw, 800px\" \/><\/figure>\n<\/div>\n\n\n\n<div class=\"wp-block-column is-layout-flow wp-block-column-is-layout-flow\">\n<figure class=\"wp-block-image size-full is-style-default\"><img decoding=\"async\" width=\"800\" height=\"800\" src=\"https:\/\/www.yongjianceramic.com\/wp-content\/uploads\/2026\/04\/wholesale-ceramic-baking-dish-set-commercial-baking-pans-2.webp\" alt=\"conjunto de pratos para cozer cer\u00e2mica para uso comercial-2\" class=\"wp-image-5514\" srcset=\"https:\/\/www.yongjianceramic.com\/wp-content\/uploads\/2026\/04\/wholesale-ceramic-baking-dish-set-commercial-baking-pans-2.webp 800w, https:\/\/www.yongjianceramic.com\/wp-content\/uploads\/2026\/04\/wholesale-ceramic-baking-dish-set-commercial-baking-pans-2-300x300.webp 300w, https:\/\/www.yongjianceramic.com\/wp-content\/uploads\/2026\/04\/wholesale-ceramic-baking-dish-set-commercial-baking-pans-2-150x150.webp 150w, https:\/\/www.yongjianceramic.com\/wp-content\/uploads\/2026\/04\/wholesale-ceramic-baking-dish-set-commercial-baking-pans-2-768x768.webp 768w, https:\/\/www.yongjianceramic.com\/wp-content\/uploads\/2026\/04\/wholesale-ceramic-baking-dish-set-commercial-baking-pans-2-12x12.webp 12w, https:\/\/www.yongjianceramic.com\/wp-content\/uploads\/2026\/04\/wholesale-ceramic-baking-dish-set-commercial-baking-pans-2-285x285.webp 285w, https:\/\/www.yongjianceramic.com\/wp-content\/uploads\/2026\/04\/wholesale-ceramic-baking-dish-set-commercial-baking-pans-2-270x270.webp 270w, https:\/\/www.yongjianceramic.com\/wp-content\/uploads\/2026\/04\/wholesale-ceramic-baking-dish-set-commercial-baking-pans-2-540x540.webp 540w, https:\/\/www.yongjianceramic.com\/wp-content\/uploads\/2026\/04\/wholesale-ceramic-baking-dish-set-commercial-baking-pans-2-660x660.webp 660w\" sizes=\"(max-width: 800px) 100vw, 800px\" \/><\/figure>\n<\/div>\n\n\n\n<div class=\"wp-block-column is-layout-flow wp-block-column-is-layout-flow\">\n<figure class=\"wp-block-image size-full is-style-default\"><img loading=\"lazy\" decoding=\"async\" width=\"800\" height=\"800\" src=\"https:\/\/www.yongjianceramic.com\/wp-content\/uploads\/2026\/04\/wholesale-ceramic-baking-dish-set-commercial-baking-pans-3.webp\" alt=\"conjunto de pratos para cozer cer\u00e2mica para uso comercial - 3\" class=\"wp-image-5515\" srcset=\"https:\/\/www.yongjianceramic.com\/wp-content\/uploads\/2026\/04\/wholesale-ceramic-baking-dish-set-commercial-baking-pans-3.webp 800w, https:\/\/www.yongjianceramic.com\/wp-content\/uploads\/2026\/04\/wholesale-ceramic-baking-dish-set-commercial-baking-pans-3-300x300.webp 300w, https:\/\/www.yongjianceramic.com\/wp-content\/uploads\/2026\/04\/wholesale-ceramic-baking-dish-set-commercial-baking-pans-3-150x150.webp 150w, https:\/\/www.yongjianceramic.com\/wp-content\/uploads\/2026\/04\/wholesale-ceramic-baking-dish-set-commercial-baking-pans-3-768x768.webp 768w, https:\/\/www.yongjianceramic.com\/wp-content\/uploads\/2026\/04\/wholesale-ceramic-baking-dish-set-commercial-baking-pans-3-12x12.webp 12w, https:\/\/www.yongjianceramic.com\/wp-content\/uploads\/2026\/04\/wholesale-ceramic-baking-dish-set-commercial-baking-pans-3-285x285.webp 285w, https:\/\/www.yongjianceramic.com\/wp-content\/uploads\/2026\/04\/wholesale-ceramic-baking-dish-set-commercial-baking-pans-3-270x270.webp 270w, https:\/\/www.yongjianceramic.com\/wp-content\/uploads\/2026\/04\/wholesale-ceramic-baking-dish-set-commercial-baking-pans-3-540x540.webp 540w, https:\/\/www.yongjianceramic.com\/wp-content\/uploads\/2026\/04\/wholesale-ceramic-baking-dish-set-commercial-baking-pans-3-660x660.webp 660w\" sizes=\"(max-width: 800px) 100vw, 800px\" \/><\/figure>\n<\/div>\n<\/div>","protected":false},"excerpt":{"rendered":"<p>Bem-vindo a comprar o nosso conjunto de assadeiras de cer\u00e2mica por atacado, que foi concebido para compradores B2B que procuram solu\u00e7\u00f5es de assadeiras dur\u00e1veis, economizadoras de espa\u00e7o e vers\u00e1teis. Com um design de encaixe, reten\u00e7\u00e3o de calor superior e esmalte de qualidade comercial, \u00e9 ideal para distribui\u00e7\u00e3o por grosso, retalho e com\u00e9rcio eletr\u00f3nico. Com op\u00e7\u00f5es flex\u00edveis de compra a granel e embalagem segura para exporta\u00e7\u00e3o, este conjunto de assadeiras de cer\u00e2mica \u00e9 perfeito para fazer crescer o seu neg\u00f3cio de utens\u00edlios de cozinha.<\/p>\n<table border=\"0\" width=\"346\" cellspacing=\"0\" cellpadding=\"0\">\n<tbody>\n<tr>\n<td width=\"120\" height=\"17\">Fabricante<\/td>\n<td width=\"225\">Yongjian<\/td>\n<\/tr>\n<tr>\n<td height=\"18\">Modelo n.<\/td>\n<td width=\"225\">YJ5\uff0cYJ6, YJ7<\/td>\n<\/tr>\n<tr>\n<td height=\"17\">Tipo de produto<\/td>\n<td>Formas de cozedura<\/td>\n<\/tr>\n<tr>\n<td height=\"17\">Material<\/td>\n<td>Porcelana<\/td>\n<\/tr>\n<tr>\n<td height=\"17\">Forma<\/td>\n<td>Retangular<\/td>\n<\/tr>\n<tr>\n<td height=\"17\">Cor<\/td>\n<td>Vermelho e branco, cores personalizadas dispon\u00edveis<\/td>\n<\/tr>\n<tr>\n<td height=\"53\">Dimens\u00e3o<\/td>\n<td width=\"225\">17,8*11,4*5,1 cm<br \/>17,8*17,8*5,1 cm<br \/>34,3*23,9*6,9 cm<\/td>\n<\/tr>\n<tr>\n<td height=\"17\">MOQ<\/td>\n<td>500 unidades<\/td>\n<\/tr>\n<tr>\n<td height=\"17\">Personalizado<\/td>\n<td>Cor\/tamanho\/log\u00f3tipo\/embalagem<\/td>\n<\/tr>\n<tr>\n<td height=\"17\">Embalagem<\/td>\n<td>Embalagem a granel\/ Caixa de espuma\/ Caixa castanha<\/td>\n<\/tr>\n<\/tbody>\n<\/table>","protected":false},"featured_media":5518,"comment_status":"closed","ping_status":"closed","template":"","meta":{"_acf_changed":false},"product_brand":[],"product_cat":[62,99],"product_tag":[81],"class_list":{"0":"post-5512","1":"product","2":"type-product","3":"status-publish","4":"has-post-thumbnail","6":"product_cat-ceramic-plates-wholesale","7":"product_cat-baking-dishes-wholesale","8":"product_tag-modern-design-dinnerware-set-wholesale","10":"first","11":"instock","12":"shipping-taxable","13":"product-type-simple"},"acf":[],"_links":{"self":[{"href":"https:\/\/www.yongjianceramic.com\/pt\/wp-json\/wp\/v2\/product\/5512","targetHints":{"allow":["GET"]}}],"collection":[{"href":"https:\/\/www.yongjianceramic.com\/pt\/wp-json\/wp\/v2\/product"}],"about":[{"href":"https:\/\/www.yongjianceramic.com\/pt\/wp-json\/wp\/v2\/types\/product"}],"replies":[{"embeddable":true,"href":"https:\/\/www.yongjianceramic.com\/pt\/wp-json\/wp\/v2\/comments?post=5512"}],"wp:featuredmedia":[{"embeddable":true,"href":"https:\/\/www.yongjianceramic.com\/pt\/wp-json\/wp\/v2\/media\/5518"}],"wp:attachment":[{"href":"https:\/\/www.yongjianceramic.com\/pt\/wp-json\/wp\/v2\/media?parent=5512"}],"wp:term":[{"taxonomy":"product_brand","embeddable":true,"href":"https:\/\/www.yongjianceramic.com\/pt\/wp-json\/wp\/v2\/product_brand?post=5512"},{"taxonomy":"product_cat","embeddable":true,"href":"https:\/\/www.yongjianceramic.com\/pt\/wp-json\/wp\/v2\/product_cat?post=5512"},{"taxonomy":"product_tag","embeddable":true,"href":"https:\/\/www.yongjianceramic.com\/pt\/wp-json\/wp\/v2\/product_tag?post=5512"}],"curies":[{"name":"wp","href":"https:\/\/api.w.org\/{rel}","templated":true}]}}