{"id":5523,"date":"2026-04-22T14:48:46","date_gmt":"2026-04-22T06:48:46","guid":{"rendered":"https:\/\/www.yongjianceramic.com\/?post_type=product&#038;p=5523"},"modified":"2026-04-22T16:14:04","modified_gmt":"2026-04-22T08:14:04","slug":"wholesale-ceramic-bakeware-set","status":"publish","type":"product","link":"https:\/\/www.yongjianceramic.com\/pt\/produto\/wholesale-ceramic-bakeware-set\/","title":{"rendered":"Conjunto de utens\u00edlios para pastelaria de cer\u00e2mica por atacado, pratos de pastelaria de encaixe a granel"},"content":{"rendered":"<div class=\"wp-block-columns is-layout-flex wp-container-core-columns-is-layout-9d6595d7 wp-block-columns-is-layout-flex\">\n<div class=\"wp-block-column is-layout-flow wp-block-column-is-layout-flow\">\n<h2 class=\"wp-block-heading\">Conjunto de utens\u00edlios para bolos de cer\u00e2mica Premium Wholesale Carater\u00edsticas:<\/h2>\n\n\n\n<ul class=\"wp-block-list\">\n<li><strong>Punho ergon\u00f3mico:<\/strong> O nosso conjunto de utens\u00edlios de cozinha em cer\u00e2mica para venda por grosso possui pegas largas numa s\u00f3 pe\u00e7a que proporcionam uma ader\u00eancia segura, mesmo quando se usam luvas de forno pesadas, garantindo uma desloca\u00e7\u00e3o segura e f\u00e1cil do forno para a mesa.<\/li>\n\n\n\n<li><strong>Esmalte antiaderente de limpeza f\u00e1cil: <\/strong>Estes pratos de cozinha para venda por grosso s\u00e3o revestidos com um esmalte denso e de alta qualidade que resiste \u00e0 absor\u00e7\u00e3o de odores e gorduras alimentares. Quer sejam lavadas \u00e0 m\u00e3o ou lavadas na m\u00e1quina de lavar loi\u00e7a, mant\u00eam-se imaculadas.<\/li>\n\n\n\n<li><strong>Encomendas flex\u00edveis:<\/strong> Enquanto fabricante direto de lou\u00e7a de mesa em cer\u00e2mica, apoiamos encomendas de conjuntos completos ou encomendas divididas com base na procura do mercado, permitindo aos clientes testar a resposta do mercado de forma flex\u00edvel.<\/li>\n\n\n\n<li><strong>Personaliza\u00e7\u00e3o OEM\/ODM para compradores de marcas: <\/strong>O nosso conjunto de assadeiras de cer\u00e2mica por atacado suporta a personaliza\u00e7\u00e3o do tamanho, cor, log\u00f3tipo e embalagem para satisfazer as diversas necessidades das empresas de com\u00e9rcio eletr\u00f3nico transfronteiri\u00e7o, propriet\u00e1rios de marcas e grossistas, ajudando-os a construir linhas de produtos de marcas independentes.<\/li>\n<\/ul>\n<\/div>\n\n\n\n<div class=\"wp-block-column is-layout-flow wp-block-column-is-layout-flow\">\n<figure class=\"wp-block-image size-full\"><img fetchpriority=\"high\" decoding=\"async\" width=\"1500\" height=\"1500\" src=\"https:\/\/www.yongjianceramic.com\/wp-content\/uploads\/2026\/04\/wholesale-ceramic-bakeware-set-nesting-baking-dishes-bulk-6.webp\" alt=\"conjunto de utens\u00edlios de cozinha em cer\u00e2mica para assar - pratos para assar - a granel - 6\" class=\"wp-image-5532\" srcset=\"https:\/\/www.yongjianceramic.com\/wp-content\/uploads\/2026\/04\/wholesale-ceramic-bakeware-set-nesting-baking-dishes-bulk-6.webp 1500w, https:\/\/www.yongjianceramic.com\/wp-content\/uploads\/2026\/04\/wholesale-ceramic-bakeware-set-nesting-baking-dishes-bulk-6-300x300.webp 300w, https:\/\/www.yongjianceramic.com\/wp-content\/uploads\/2026\/04\/wholesale-ceramic-bakeware-set-nesting-baking-dishes-bulk-6-150x150.webp 150w, https:\/\/www.yongjianceramic.com\/wp-content\/uploads\/2026\/04\/wholesale-ceramic-bakeware-set-nesting-baking-dishes-bulk-6-768x768.webp 768w, https:\/\/www.yongjianceramic.com\/wp-content\/uploads\/2026\/04\/wholesale-ceramic-bakeware-set-nesting-baking-dishes-bulk-6-12x12.webp 12w, https:\/\/www.yongjianceramic.com\/wp-content\/uploads\/2026\/04\/wholesale-ceramic-bakeware-set-nesting-baking-dishes-bulk-6-285x285.webp 285w, https:\/\/www.yongjianceramic.com\/wp-content\/uploads\/2026\/04\/wholesale-ceramic-bakeware-set-nesting-baking-dishes-bulk-6-270x270.webp 270w, https:\/\/www.yongjianceramic.com\/wp-content\/uploads\/2026\/04\/wholesale-ceramic-bakeware-set-nesting-baking-dishes-bulk-6-540x540.webp 540w, https:\/\/www.yongjianceramic.com\/wp-content\/uploads\/2026\/04\/wholesale-ceramic-bakeware-set-nesting-baking-dishes-bulk-6-660x660.webp 660w\" sizes=\"(max-width: 1500px) 100vw, 1500px\" \/><\/figure>\n<\/div>\n<\/div>\n\n\n\n<div class=\"wp-block-columns is-layout-flex wp-container-core-columns-is-layout-9d6595d7 wp-block-columns-is-layout-flex\">\n<div class=\"wp-block-column is-layout-flow wp-block-column-is-layout-flow\">\n<figure class=\"wp-block-image size-full is-style-default\"><img decoding=\"async\" width=\"800\" height=\"800\" src=\"https:\/\/www.yongjianceramic.com\/wp-content\/uploads\/2026\/04\/two-tone-wholesale-ceramic-bakeware-set-nesting-baking-dishes-with-handles-1.webp\" alt=\"conjunto de dois tons de cer\u00e2mica para assar - pratos de assar com ninhos - com pegas - 1\" class=\"wp-image-5524\" style=\"object-fit:cover\" srcset=\"https:\/\/www.yongjianceramic.com\/wp-content\/uploads\/2026\/04\/two-tone-wholesale-ceramic-bakeware-set-nesting-baking-dishes-with-handles-1.webp 800w, https:\/\/www.yongjianceramic.com\/wp-content\/uploads\/2026\/04\/two-tone-wholesale-ceramic-bakeware-set-nesting-baking-dishes-with-handles-1-300x300.webp 300w, https:\/\/www.yongjianceramic.com\/wp-content\/uploads\/2026\/04\/two-tone-wholesale-ceramic-bakeware-set-nesting-baking-dishes-with-handles-1-150x150.webp 150w, https:\/\/www.yongjianceramic.com\/wp-content\/uploads\/2026\/04\/two-tone-wholesale-ceramic-bakeware-set-nesting-baking-dishes-with-handles-1-768x768.webp 768w, https:\/\/www.yongjianceramic.com\/wp-content\/uploads\/2026\/04\/two-tone-wholesale-ceramic-bakeware-set-nesting-baking-dishes-with-handles-1-12x12.webp 12w, https:\/\/www.yongjianceramic.com\/wp-content\/uploads\/2026\/04\/two-tone-wholesale-ceramic-bakeware-set-nesting-baking-dishes-with-handles-1-285x285.webp 285w, https:\/\/www.yongjianceramic.com\/wp-content\/uploads\/2026\/04\/two-tone-wholesale-ceramic-bakeware-set-nesting-baking-dishes-with-handles-1-270x270.webp 270w, https:\/\/www.yongjianceramic.com\/wp-content\/uploads\/2026\/04\/two-tone-wholesale-ceramic-bakeware-set-nesting-baking-dishes-with-handles-1-540x540.webp 540w, https:\/\/www.yongjianceramic.com\/wp-content\/uploads\/2026\/04\/two-tone-wholesale-ceramic-bakeware-set-nesting-baking-dishes-with-handles-1-660x660.webp 660w\" sizes=\"(max-width: 800px) 100vw, 800px\" \/><\/figure>\n<\/div>\n\n\n\n<div class=\"wp-block-column is-layout-flow wp-block-column-is-layout-flow\">\n<figure class=\"wp-block-image size-full is-style-default\"><img decoding=\"async\" width=\"800\" height=\"800\" src=\"https:\/\/www.yongjianceramic.com\/wp-content\/uploads\/2026\/04\/two-tone-wholesale-ceramic-bakeware-set-nesting-baking-dishes-with-handles-2.webp\" alt=\"conjunto de dois tons de cer\u00e2mica para pastelaria - pratos para pastelaria com ninho e pegas - 2\" class=\"wp-image-5525\" srcset=\"https:\/\/www.yongjianceramic.com\/wp-content\/uploads\/2026\/04\/two-tone-wholesale-ceramic-bakeware-set-nesting-baking-dishes-with-handles-2.webp 800w, https:\/\/www.yongjianceramic.com\/wp-content\/uploads\/2026\/04\/two-tone-wholesale-ceramic-bakeware-set-nesting-baking-dishes-with-handles-2-300x300.webp 300w, https:\/\/www.yongjianceramic.com\/wp-content\/uploads\/2026\/04\/two-tone-wholesale-ceramic-bakeware-set-nesting-baking-dishes-with-handles-2-150x150.webp 150w, https:\/\/www.yongjianceramic.com\/wp-content\/uploads\/2026\/04\/two-tone-wholesale-ceramic-bakeware-set-nesting-baking-dishes-with-handles-2-768x768.webp 768w, https:\/\/www.yongjianceramic.com\/wp-content\/uploads\/2026\/04\/two-tone-wholesale-ceramic-bakeware-set-nesting-baking-dishes-with-handles-2-12x12.webp 12w, https:\/\/www.yongjianceramic.com\/wp-content\/uploads\/2026\/04\/two-tone-wholesale-ceramic-bakeware-set-nesting-baking-dishes-with-handles-2-285x285.webp 285w, https:\/\/www.yongjianceramic.com\/wp-content\/uploads\/2026\/04\/two-tone-wholesale-ceramic-bakeware-set-nesting-baking-dishes-with-handles-2-270x270.webp 270w, https:\/\/www.yongjianceramic.com\/wp-content\/uploads\/2026\/04\/two-tone-wholesale-ceramic-bakeware-set-nesting-baking-dishes-with-handles-2-540x540.webp 540w, https:\/\/www.yongjianceramic.com\/wp-content\/uploads\/2026\/04\/two-tone-wholesale-ceramic-bakeware-set-nesting-baking-dishes-with-handles-2-660x660.webp 660w\" sizes=\"(max-width: 800px) 100vw, 800px\" \/><\/figure>\n<\/div>\n\n\n\n<div class=\"wp-block-column is-layout-flow wp-block-column-is-layout-flow\">\n<figure class=\"wp-block-image size-full is-style-default\"><img loading=\"lazy\" decoding=\"async\" width=\"800\" height=\"800\" src=\"https:\/\/www.yongjianceramic.com\/wp-content\/uploads\/2026\/04\/two-tone-wholesale-ceramic-bakeware-set-nesting-baking-dishes-with-handles-3.webp\" alt=\"conjunto de dois tons de cer\u00e2mica para assar - pratos de assar com ninho e pegas - 3\" class=\"wp-image-5526\" srcset=\"https:\/\/www.yongjianceramic.com\/wp-content\/uploads\/2026\/04\/two-tone-wholesale-ceramic-bakeware-set-nesting-baking-dishes-with-handles-3.webp 800w, https:\/\/www.yongjianceramic.com\/wp-content\/uploads\/2026\/04\/two-tone-wholesale-ceramic-bakeware-set-nesting-baking-dishes-with-handles-3-300x300.webp 300w, https:\/\/www.yongjianceramic.com\/wp-content\/uploads\/2026\/04\/two-tone-wholesale-ceramic-bakeware-set-nesting-baking-dishes-with-handles-3-150x150.webp 150w, https:\/\/www.yongjianceramic.com\/wp-content\/uploads\/2026\/04\/two-tone-wholesale-ceramic-bakeware-set-nesting-baking-dishes-with-handles-3-768x768.webp 768w, https:\/\/www.yongjianceramic.com\/wp-content\/uploads\/2026\/04\/two-tone-wholesale-ceramic-bakeware-set-nesting-baking-dishes-with-handles-3-12x12.webp 12w, https:\/\/www.yongjianceramic.com\/wp-content\/uploads\/2026\/04\/two-tone-wholesale-ceramic-bakeware-set-nesting-baking-dishes-with-handles-3-285x285.webp 285w, https:\/\/www.yongjianceramic.com\/wp-content\/uploads\/2026\/04\/two-tone-wholesale-ceramic-bakeware-set-nesting-baking-dishes-with-handles-3-270x270.webp 270w, https:\/\/www.yongjianceramic.com\/wp-content\/uploads\/2026\/04\/two-tone-wholesale-ceramic-bakeware-set-nesting-baking-dishes-with-handles-3-540x540.webp 540w, https:\/\/www.yongjianceramic.com\/wp-content\/uploads\/2026\/04\/two-tone-wholesale-ceramic-bakeware-set-nesting-baking-dishes-with-handles-3-660x660.webp 660w\" sizes=\"(max-width: 800px) 100vw, 800px\" \/><\/figure>\n<\/div>\n<\/div>","protected":false},"excerpt":{"rendered":"<p>Bem-vindo ao comprar o nosso conjunto de utens\u00edlios para cozer em cer\u00e2mica de dois tons com design de encaixe e pegas f\u00e1ceis de agarrar, ideal para compradores a granel e marcas de utens\u00edlios de cozinha. Fabricado a partir de gr\u00e9s dur\u00e1vel, que garante uma distribui\u00e7\u00e3o uniforme do calor, este conjunto de panifica\u00e7\u00e3o empilh\u00e1vel tamb\u00e9m poupa espa\u00e7o na cozinha e ajuda a obter resultados de cozedura uniformes. Personaliza\u00e7\u00e3o OEM\/ODM dispon\u00edvel para projectos por grosso e de marca pr\u00f3pria.<\/p>\n<table border=\"0\" width=\"346\" cellspacing=\"0\" cellpadding=\"0\">\n<tbody>\n<tr>\n<td width=\"120\" height=\"17\">Fabricante<\/td>\n<td width=\"225\">Yongjian<\/td>\n<\/tr>\n<tr>\n<td height=\"18\">Modelo n.<\/td>\n<td width=\"225\">YJ8\uff0cYJ9, YJ10<\/td>\n<\/tr>\n<tr>\n<td height=\"17\">Tipo de produto<\/td>\n<td>Formas de cozedura<\/td>\n<\/tr>\n<tr>\n<td height=\"17\">Material<\/td>\n<td>Porcelana<\/td>\n<\/tr>\n<tr>\n<td height=\"17\">Forma<\/td>\n<td>Retangular<\/td>\n<\/tr>\n<tr>\n<td height=\"17\">Cor<\/td>\n<td>Azul escuro e branco, cores personalizadas dispon\u00edveis<\/td>\n<\/tr>\n<tr>\n<td height=\"53\">Dimens\u00e3o<\/td>\n<td width=\"225\">17,8*11,4*5,1 cm<br \/>17,8*17,8*5,1 cm<br \/>34,3*23,9*6,9 cm<\/td>\n<\/tr>\n<tr>\n<td height=\"17\">MOQ<\/td>\n<td>500 unidades<\/td>\n<\/tr>\n<tr>\n<td height=\"17\">Personalizado<\/td>\n<td>Cor\/tamanho\/log\u00f3tipo\/embalagem<\/td>\n<\/tr>\n<tr>\n<td height=\"17\">Embalagem<\/td>\n<td>Embalagem a granel\/ Caixa de espuma\/ Caixa castanha<\/td>\n<\/tr>\n<\/tbody>\n<\/table>","protected":false},"featured_media":5530,"comment_status":"closed","ping_status":"closed","template":"","meta":{"_acf_changed":false},"product_brand":[],"product_cat":[62,99],"product_tag":[81],"class_list":{"0":"post-5523","1":"product","2":"type-product","3":"status-publish","4":"has-post-thumbnail","6":"product_cat-ceramic-plates-wholesale","7":"product_cat-baking-dishes-wholesale","8":"product_tag-modern-design-dinnerware-set-wholesale","10":"first","11":"instock","12":"shipping-taxable","13":"product-type-simple"},"acf":[],"_links":{"self":[{"href":"https:\/\/www.yongjianceramic.com\/pt\/wp-json\/wp\/v2\/product\/5523","targetHints":{"allow":["GET"]}}],"collection":[{"href":"https:\/\/www.yongjianceramic.com\/pt\/wp-json\/wp\/v2\/product"}],"about":[{"href":"https:\/\/www.yongjianceramic.com\/pt\/wp-json\/wp\/v2\/types\/product"}],"replies":[{"embeddable":true,"href":"https:\/\/www.yongjianceramic.com\/pt\/wp-json\/wp\/v2\/comments?post=5523"}],"wp:featuredmedia":[{"embeddable":true,"href":"https:\/\/www.yongjianceramic.com\/pt\/wp-json\/wp\/v2\/media\/5530"}],"wp:attachment":[{"href":"https:\/\/www.yongjianceramic.com\/pt\/wp-json\/wp\/v2\/media?parent=5523"}],"wp:term":[{"taxonomy":"product_brand","embeddable":true,"href":"https:\/\/www.yongjianceramic.com\/pt\/wp-json\/wp\/v2\/product_brand?post=5523"},{"taxonomy":"product_cat","embeddable":true,"href":"https:\/\/www.yongjianceramic.com\/pt\/wp-json\/wp\/v2\/product_cat?post=5523"},{"taxonomy":"product_tag","embeddable":true,"href":"https:\/\/www.yongjianceramic.com\/pt\/wp-json\/wp\/v2\/product_tag?post=5523"}],"curies":[{"name":"wp","href":"https:\/\/api.w.org\/{rel}","templated":true}]}}