{"id":5533,"date":"2026-04-22T16:25:46","date_gmt":"2026-04-22T08:25:46","guid":{"rendered":"https:\/\/www.yongjianceramic.com\/?post_type=product&#038;p=5533"},"modified":"2026-04-22T18:09:39","modified_gmt":"2026-04-22T10:09:39","slug":"wholesale-baking-dishes","status":"publish","type":"product","link":"https:\/\/www.yongjianceramic.com\/pt\/produto\/wholesale-baking-dishes\/","title":{"rendered":"Pratos para assar de 5,5 polegadas por atacado, forma de torta de cer\u00e2mica para restaurantes"},"content":{"rendered":"<div class=\"wp-block-columns is-layout-flex wp-container-core-columns-is-layout-9d6595d7 wp-block-columns-is-layout-flex\">\n<div class=\"wp-block-column is-layout-flow wp-block-column-is-layout-flow\">\n<h2 class=\"wp-block-heading\">Pratos para assar Premium Wholesale Carater\u00edsticas:<\/h2>\n\n\n\n<ul class=\"wp-block-list\">\n<li><strong>Borda canelada elegante: <\/strong>O design cl\u00e1ssico da borda canelada melhora o aspeto visual das assadeiras por atacado, ajudando as padarias e os restaurantes a criar tartes e empadas com formas bonitas e resultados consistentes e profissionais.<\/li>\n\n\n\n<li><strong>Design elegante do aro que poupa espa\u00e7o: <\/strong>Estas assadeiras para venda por grosso apresentam uma estrutura de aro liso e sem pegas, permitindo um empilhamento compacto e um armazenamento eficiente - ideal para cozinhas comerciais com espa\u00e7o limitado.<\/li>\n\n\n\n<li><strong>Acabamento moderno mate para um aspeto de qualidade superior: <\/strong>Concebida com um esmalte mate inspirado em Morandi, a nossa tarteira de cer\u00e2mica personalizada eleva a apresenta\u00e7\u00e3o dos alimentos e alinha-se com as tend\u00eancias modernas de restaura\u00e7\u00e3o e das redes sociais, tornando os pratos mais apelativos para os clientes.<\/li>\n\n\n\n<li><strong>Material cer\u00e2mico dur\u00e1vel e resistente ao calor:<\/strong> Fabricados em cer\u00e2mica de alta qualidade, estes pratos de cozedura por atacado oferecem uma excelente estabilidade t\u00e9rmica, resistindo a fissuras durante ciclos repetidos de cozedura e congela\u00e7\u00e3o - perfeitos para uma utiliza\u00e7\u00e3o frequente em restaurantes.<\/li>\n\n\n\n<li><strong>Personaliza\u00e7\u00e3o OEM e capacidade de produ\u00e7\u00e3o:<\/strong> Como uma f\u00e1brica de cer\u00e2mica profissional, podemos oferecer um servi\u00e7o flex\u00edvel de OEM\/ODM, cores, tamanhos e embalagens personalizados com forte produ\u00e7\u00e3o em massa e entrega r\u00e1pida.<\/li>\n<\/ul>\n<\/div>\n\n\n\n<div class=\"wp-block-column is-layout-flow wp-block-column-is-layout-flow\">\n<figure class=\"wp-block-image size-full\"><img fetchpriority=\"high\" decoding=\"async\" width=\"1286\" height=\"1500\" src=\"https:\/\/www.yongjianceramic.com\/wp-content\/uploads\/2026\/04\/wholesale-baking-dishes-custom-ceramic-tart-pan-4.webp\" alt=\"pratos para ir ao forno por atacado-panela de cer\u00e2mica para tartes-4\" class=\"wp-image-5537\" srcset=\"https:\/\/www.yongjianceramic.com\/wp-content\/uploads\/2026\/04\/wholesale-baking-dishes-custom-ceramic-tart-pan-4.webp 1286w, https:\/\/www.yongjianceramic.com\/wp-content\/uploads\/2026\/04\/wholesale-baking-dishes-custom-ceramic-tart-pan-4-257x300.webp 257w, https:\/\/www.yongjianceramic.com\/wp-content\/uploads\/2026\/04\/wholesale-baking-dishes-custom-ceramic-tart-pan-4-768x896.webp 768w, https:\/\/www.yongjianceramic.com\/wp-content\/uploads\/2026\/04\/wholesale-baking-dishes-custom-ceramic-tart-pan-4-10x12.webp 10w, https:\/\/www.yongjianceramic.com\/wp-content\/uploads\/2026\/04\/wholesale-baking-dishes-custom-ceramic-tart-pan-4-285x332.webp 285w, https:\/\/www.yongjianceramic.com\/wp-content\/uploads\/2026\/04\/wholesale-baking-dishes-custom-ceramic-tart-pan-4-566x660.webp 566w, https:\/\/www.yongjianceramic.com\/wp-content\/uploads\/2026\/04\/wholesale-baking-dishes-custom-ceramic-tart-pan-4-129x150.webp 129w\" sizes=\"(max-width: 1286px) 100vw, 1286px\" \/><\/figure>\n<\/div>\n<\/div>","protected":false},"excerpt":{"rendered":"<p>Bem-vindo \u00e0 compra destes pratos de pastelaria por atacado de 5,5 polegadas, concebidos para marcas de restaurantes, padarias e servi\u00e7os alimentares que procuram pastelaria de cer\u00e2mica elegante e de qualidade comercial. Mini assadeiras de cer\u00e2mica para forno e mesa com superf\u00edcie esmaltada de f\u00e1cil limpeza, ideais para compras a granel com personaliza\u00e7\u00e3o total OEM\/ODM, perfeitas para hot\u00e9is, catering e marcas de retalho que procuram solu\u00e7\u00f5es de assadeiras de cer\u00e2mica de alta qualidade.<\/p>\n<table border=\"0\" width=\"346\" cellspacing=\"0\" cellpadding=\"0\">\n<tbody>\n<tr>\n<td width=\"120\" height=\"17\">Fabricante<\/td>\n<td width=\"225\">Yongjian<\/td>\n<\/tr>\n<tr>\n<td height=\"18\">Modelo n.<\/td>\n<td width=\"225\">YJ11<\/td>\n<\/tr>\n<tr>\n<td height=\"17\">Tipo de produto<\/td>\n<td>Formas de cozedura<\/td>\n<\/tr>\n<tr>\n<td height=\"17\">Material<\/td>\n<td>Porcelana<\/td>\n<\/tr>\n<tr>\n<td height=\"17\">Forma<\/td>\n<td>Redondo<\/td>\n<\/tr>\n<tr>\n<td height=\"17\">Cor<\/td>\n<td>Azul e branco, cores personalizadas dispon\u00edveis<\/td>\n<\/tr>\n<tr>\n<td height=\"18\">Dimens\u00e3o<\/td>\n<td width=\"225\">17*17*4,6 cm<\/td>\n<\/tr>\n<tr>\n<td height=\"17\">MOQ<\/td>\n<td>500 unidades<\/td>\n<\/tr>\n<tr>\n<td height=\"17\">Personalizado<\/td>\n<td>Cor\/tamanho\/log\u00f3tipo\/embalagem<\/td>\n<\/tr>\n<tr>\n<td height=\"17\">Embalagem<\/td>\n<td>Embalagem a granel\/ Caixa de espuma\/ Caixa castanha<\/td>\n<\/tr>\n<\/tbody>\n<\/table>","protected":false},"featured_media":5534,"comment_status":"closed","ping_status":"closed","template":"","meta":{"_acf_changed":false},"product_brand":[],"product_cat":[62,99],"product_tag":[81],"class_list":{"0":"post-5533","1":"product","2":"type-product","3":"status-publish","4":"has-post-thumbnail","6":"product_cat-ceramic-plates-wholesale","7":"product_cat-baking-dishes-wholesale","8":"product_tag-modern-design-dinnerware-set-wholesale","10":"first","11":"instock","12":"shipping-taxable","13":"product-type-simple"},"acf":[],"_links":{"self":[{"href":"https:\/\/www.yongjianceramic.com\/pt\/wp-json\/wp\/v2\/product\/5533","targetHints":{"allow":["GET"]}}],"collection":[{"href":"https:\/\/www.yongjianceramic.com\/pt\/wp-json\/wp\/v2\/product"}],"about":[{"href":"https:\/\/www.yongjianceramic.com\/pt\/wp-json\/wp\/v2\/types\/product"}],"replies":[{"embeddable":true,"href":"https:\/\/www.yongjianceramic.com\/pt\/wp-json\/wp\/v2\/comments?post=5533"}],"wp:featuredmedia":[{"embeddable":true,"href":"https:\/\/www.yongjianceramic.com\/pt\/wp-json\/wp\/v2\/media\/5534"}],"wp:attachment":[{"href":"https:\/\/www.yongjianceramic.com\/pt\/wp-json\/wp\/v2\/media?parent=5533"}],"wp:term":[{"taxonomy":"product_brand","embeddable":true,"href":"https:\/\/www.yongjianceramic.com\/pt\/wp-json\/wp\/v2\/product_brand?post=5533"},{"taxonomy":"product_cat","embeddable":true,"href":"https:\/\/www.yongjianceramic.com\/pt\/wp-json\/wp\/v2\/product_cat?post=5533"},{"taxonomy":"product_tag","embeddable":true,"href":"https:\/\/www.yongjianceramic.com\/pt\/wp-json\/wp\/v2\/product_tag?post=5533"}],"curies":[{"name":"wp","href":"https:\/\/api.w.org\/{rel}","templated":true}]}}