{"id":5569,"date":"2026-05-07T16:21:14","date_gmt":"2026-05-07T08:21:14","guid":{"rendered":"https:\/\/www.yongjianceramic.com\/?post_type=product&#038;p=5569"},"modified":"2026-05-07T17:56:05","modified_gmt":"2026-05-07T09:56:05","slug":"ceramic-pie-pan-wholesale","status":"publish","type":"product","link":"https:\/\/www.yongjianceramic.com\/pt\/produto\/ceramic-pie-pan-wholesale\/","title":{"rendered":"Forma de tarte redonda de cer\u00e2mica de 10 polegadas com rebordo canelado"},"content":{"rendered":"<div class=\"wp-block-columns is-layout-flex wp-container-core-columns-is-layout-9d6595d7 wp-block-columns-is-layout-flex\">\n<div class=\"wp-block-column is-layout-flow wp-block-column-is-layout-flow\">\n<h2 class=\"wp-block-heading\">Panela de cer\u00e2mica premium para tartes Carater\u00edsticas por atacado:<\/h2>\n\n\n\n<ul class=\"wp-block-list\">\n<li><strong>Material cer\u00e2mico premium: <\/strong>Fabricada em cer\u00e2mica de alta cozedura, esta forma para tartes de cer\u00e2mica de 10 polegadas proporciona uma reten\u00e7\u00e3o uniforme do calor para tartes, quiches e tartes perfeitamente cozinhadas.<\/li>\n\n\n\n<li><strong>Design elegante com rebordos canelados:<\/strong> A forma de tarte de cer\u00e2mica para venda por grosso tem um rebordo canelado cl\u00e1ssico que cria uma bela forma de crosta e melhora a apresenta\u00e7\u00e3o do produto para padarias, restaurantes e marcas de utens\u00edlios de cozinha a retalho. As formas para tartes caneladas s\u00e3o as preferidas para produtos de pastelaria com aspeto profissional.<\/li>\n\n\n\n<li><strong>Seguro no forno para uso comercial:<\/strong> Concebida para aplica\u00e7\u00f5es grossistas e de restaura\u00e7\u00e3o, a tarteira de cer\u00e2mica \u00e9 resistente a temperaturas elevadas, riscos e \u00e0 utiliza\u00e7\u00e3o di\u00e1ria na cozinha.<\/li>\n\n\n\n<li><strong>Tamanho ideal para m\u00faltiplas aplica\u00e7\u00f5es de cozedura: <\/strong>A forma redonda de cer\u00e2mica para tartes de 10 polegadas \u00e9 perfeita para tartes de fruta, tartes de ab\u00f3bora, quiches, cheesecakes, tartes de panela e sobremesas, o que a torna uma op\u00e7\u00e3o vers\u00e1til para supermercados, marcas de pastelaria e compradores de hotelaria.<\/li>\n\n\n\n<li><strong>Produ\u00e7\u00e3o eficiente e flex\u00edvel: <\/strong>Como fabricante, oferecemos uma resposta r\u00e1pida \u00e0 produ\u00e7\u00e3o da nossa forma para tartes de cer\u00e2mica de 10 polegadas por atacado e apoiamo-lo na personaliza\u00e7\u00e3o de esquemas de cores exclusivos da marca.<\/li>\n<\/ul>\n<\/div>\n\n\n\n<div class=\"wp-block-column is-layout-flow wp-block-column-is-layout-flow\">\n<figure class=\"wp-block-image size-full\"><img fetchpriority=\"high\" decoding=\"async\" width=\"1500\" height=\"1000\" src=\"https:\/\/www.yongjianceramic.com\/wp-content\/uploads\/2026\/05\/10-inch-round-ceramic-pie-pan-wholesale-with-fluted-edge-14.webp\" alt=\"Frigideira de cer\u00e2mica redonda de 10 polegadas - venda por grosso - com rebordo canelado - 14\" class=\"wp-image-5583\" srcset=\"https:\/\/www.yongjianceramic.com\/wp-content\/uploads\/2026\/05\/10-inch-round-ceramic-pie-pan-wholesale-with-fluted-edge-14.webp 1500w, https:\/\/www.yongjianceramic.com\/wp-content\/uploads\/2026\/05\/10-inch-round-ceramic-pie-pan-wholesale-with-fluted-edge-14-300x200.webp 300w, https:\/\/www.yongjianceramic.com\/wp-content\/uploads\/2026\/05\/10-inch-round-ceramic-pie-pan-wholesale-with-fluted-edge-14-768x512.webp 768w, https:\/\/www.yongjianceramic.com\/wp-content\/uploads\/2026\/05\/10-inch-round-ceramic-pie-pan-wholesale-with-fluted-edge-14-18x12.webp 18w, https:\/\/www.yongjianceramic.com\/wp-content\/uploads\/2026\/05\/10-inch-round-ceramic-pie-pan-wholesale-with-fluted-edge-14-285x190.webp 285w, https:\/\/www.yongjianceramic.com\/wp-content\/uploads\/2026\/05\/10-inch-round-ceramic-pie-pan-wholesale-with-fluted-edge-14-660x440.webp 660w, https:\/\/www.yongjianceramic.com\/wp-content\/uploads\/2026\/05\/10-inch-round-ceramic-pie-pan-wholesale-with-fluted-edge-14-150x100.webp 150w\" sizes=\"(max-width: 1500px) 100vw, 1500px\" \/><\/figure>\n<\/div>\n<\/div>\n\n\n\n<div class=\"wp-block-columns is-layout-flex wp-container-core-columns-is-layout-9d6595d7 wp-block-columns-is-layout-flex\">\n<div class=\"wp-block-column is-layout-flow wp-block-column-is-layout-flow\">\n<figure class=\"wp-block-image size-full\"><img decoding=\"async\" width=\"694\" height=\"640\" src=\"https:\/\/www.yongjianceramic.com\/wp-content\/uploads\/2026\/05\/10-inch-round-ceramic-pie-pan-wholesale-with-fluted-edge-11.webp\" alt=\"Frigideira de cer\u00e2mica redonda de 10 polegadas - venda por grosso - com bordo canelado - 11\" class=\"wp-image-5580\" srcset=\"https:\/\/www.yongjianceramic.com\/wp-content\/uploads\/2026\/05\/10-inch-round-ceramic-pie-pan-wholesale-with-fluted-edge-11.webp 694w, https:\/\/www.yongjianceramic.com\/wp-content\/uploads\/2026\/05\/10-inch-round-ceramic-pie-pan-wholesale-with-fluted-edge-11-300x277.webp 300w, https:\/\/www.yongjianceramic.com\/wp-content\/uploads\/2026\/05\/10-inch-round-ceramic-pie-pan-wholesale-with-fluted-edge-11-13x12.webp 13w, https:\/\/www.yongjianceramic.com\/wp-content\/uploads\/2026\/05\/10-inch-round-ceramic-pie-pan-wholesale-with-fluted-edge-11-285x263.webp 285w, https:\/\/www.yongjianceramic.com\/wp-content\/uploads\/2026\/05\/10-inch-round-ceramic-pie-pan-wholesale-with-fluted-edge-11-660x609.webp 660w, https:\/\/www.yongjianceramic.com\/wp-content\/uploads\/2026\/05\/10-inch-round-ceramic-pie-pan-wholesale-with-fluted-edge-11-150x138.webp 150w\" sizes=\"(max-width: 694px) 100vw, 694px\" \/><\/figure>\n<\/div>\n\n\n\n<div class=\"wp-block-column is-layout-flow wp-block-column-is-layout-flow\">\n<figure class=\"wp-block-image size-full\"><img decoding=\"async\" width=\"694\" height=\"640\" src=\"https:\/\/www.yongjianceramic.com\/wp-content\/uploads\/2026\/05\/10-inch-round-ceramic-pie-pan-wholesale-with-fluted-edge-10.webp\" alt=\"Frigideira de cer\u00e2mica redonda de 10 polegadas - venda por grosso - com rebordo canelado - 10\" class=\"wp-image-5579\" srcset=\"https:\/\/www.yongjianceramic.com\/wp-content\/uploads\/2026\/05\/10-inch-round-ceramic-pie-pan-wholesale-with-fluted-edge-10.webp 694w, https:\/\/www.yongjianceramic.com\/wp-content\/uploads\/2026\/05\/10-inch-round-ceramic-pie-pan-wholesale-with-fluted-edge-10-300x277.webp 300w, https:\/\/www.yongjianceramic.com\/wp-content\/uploads\/2026\/05\/10-inch-round-ceramic-pie-pan-wholesale-with-fluted-edge-10-13x12.webp 13w, https:\/\/www.yongjianceramic.com\/wp-content\/uploads\/2026\/05\/10-inch-round-ceramic-pie-pan-wholesale-with-fluted-edge-10-285x263.webp 285w, https:\/\/www.yongjianceramic.com\/wp-content\/uploads\/2026\/05\/10-inch-round-ceramic-pie-pan-wholesale-with-fluted-edge-10-660x609.webp 660w, https:\/\/www.yongjianceramic.com\/wp-content\/uploads\/2026\/05\/10-inch-round-ceramic-pie-pan-wholesale-with-fluted-edge-10-150x138.webp 150w\" sizes=\"(max-width: 694px) 100vw, 694px\" \/><\/figure>\n<\/div>\n<\/div>","protected":false},"excerpt":{"rendered":"<p>Bem-vindo \u00e0 compra destes pratos de pastelaria por atacado de 5,5 polegadas, concebidos para marcas de restaurantes, padarias e servi\u00e7os alimentares que procuram pastelaria de cer\u00e2mica elegante e de qualidade comercial. Mini assadeiras de cer\u00e2mica para forno e mesa com superf\u00edcie esmaltada de f\u00e1cil limpeza, ideais para compras a granel com personaliza\u00e7\u00e3o total OEM\/ODM, perfeitas para hot\u00e9is, catering e marcas de retalho que procuram solu\u00e7\u00f5es de assadeiras de cer\u00e2mica de alta qualidade.<\/p>\n<table border=\"0\" width=\"346\" cellspacing=\"0\" cellpadding=\"0\">\n<tbody>\n<tr>\n<td width=\"120\" height=\"17\">Fabricante<\/td>\n<td width=\"225\">Yongjian<\/td>\n<\/tr>\n<tr>\n<td height=\"18\">Modelo n.<\/td>\n<td width=\"225\">YJ11<\/td>\n<\/tr>\n<tr>\n<td height=\"17\">Tipo de produto<\/td>\n<td>Formas de cozedura<\/td>\n<\/tr>\n<tr>\n<td height=\"17\">Material<\/td>\n<td>Porcelana<\/td>\n<\/tr>\n<tr>\n<td height=\"17\">Forma<\/td>\n<td>Redondo<\/td>\n<\/tr>\n<tr>\n<td height=\"17\">Cor<\/td>\n<td>Azul e branco, cores personalizadas dispon\u00edveis<\/td>\n<\/tr>\n<tr>\n<td height=\"18\">Dimens\u00e3o<\/td>\n<td width=\"225\">17*17*4,6 cm<\/td>\n<\/tr>\n<tr>\n<td height=\"17\">MOQ<\/td>\n<td>500 unidades<\/td>\n<\/tr>\n<tr>\n<td height=\"17\">Personalizado<\/td>\n<td>Cor\/tamanho\/log\u00f3tipo\/embalagem<\/td>\n<\/tr>\n<tr>\n<td height=\"17\">Embalagem<\/td>\n<td>Embalagem a granel\/ Caixa de espuma\/ Caixa castanha<\/td>\n<\/tr>\n<\/tbody>\n<\/table>","protected":false},"featured_media":5575,"comment_status":"closed","ping_status":"closed","template":"","meta":{"_acf_changed":false},"product_brand":[],"product_cat":[62,99],"product_tag":[81],"class_list":{"0":"post-5569","1":"product","2":"type-product","3":"status-publish","4":"has-post-thumbnail","6":"product_cat-ceramic-plates-wholesale","7":"product_cat-baking-dishes-wholesale","8":"product_tag-modern-design-dinnerware-set-wholesale","10":"first","11":"instock","12":"shipping-taxable","13":"product-type-simple"},"acf":[],"_links":{"self":[{"href":"https:\/\/www.yongjianceramic.com\/pt\/wp-json\/wp\/v2\/product\/5569","targetHints":{"allow":["GET"]}}],"collection":[{"href":"https:\/\/www.yongjianceramic.com\/pt\/wp-json\/wp\/v2\/product"}],"about":[{"href":"https:\/\/www.yongjianceramic.com\/pt\/wp-json\/wp\/v2\/types\/product"}],"replies":[{"embeddable":true,"href":"https:\/\/www.yongjianceramic.com\/pt\/wp-json\/wp\/v2\/comments?post=5569"}],"wp:featuredmedia":[{"embeddable":true,"href":"https:\/\/www.yongjianceramic.com\/pt\/wp-json\/wp\/v2\/media\/5575"}],"wp:attachment":[{"href":"https:\/\/www.yongjianceramic.com\/pt\/wp-json\/wp\/v2\/media?parent=5569"}],"wp:term":[{"taxonomy":"product_brand","embeddable":true,"href":"https:\/\/www.yongjianceramic.com\/pt\/wp-json\/wp\/v2\/product_brand?post=5569"},{"taxonomy":"product_cat","embeddable":true,"href":"https:\/\/www.yongjianceramic.com\/pt\/wp-json\/wp\/v2\/product_cat?post=5569"},{"taxonomy":"product_tag","embeddable":true,"href":"https:\/\/www.yongjianceramic.com\/pt\/wp-json\/wp\/v2\/product_tag?post=5569"}],"curies":[{"name":"wp","href":"https:\/\/api.w.org\/{rel}","templated":true}]}}